{"id":965,"date":"2021-06-27T07:07:59","date_gmt":"2021-06-27T07:07:59","guid":{"rendered":"https:\/\/mechem.com\/partners\/"},"modified":"2021-08-23T11:44:03","modified_gmt":"2021-08-23T11:44:03","slug":"ortaklar","status":"publish","type":"page","link":"https:\/\/mechem.com\/tr\/ortaklar\/","title":{"rendered":"Ortaklar"},"content":{"rendered":"\t\t<div data-elementor-type=\"wp-page\" data-elementor-id=\"965\" class=\"elementor elementor-965 elementor-202\" data-elementor-post-type=\"page\">\n\t\t\t\t\t\t<section class=\"elementor-section elementor-top-section elementor-element elementor-element-9b077a8 elementor-section-full_width elementor-section-height-default elementor-section-height-default\" data-id=\"9b077a8\" data-element_type=\"section\">\n\t\t\t\t\t\t<div class=\"elementor-container elementor-column-gap-no\">\n\t\t\t\t\t<div class=\"elementor-column elementor-col-100 elementor-top-column elementor-element elementor-element-34ce99b\" data-id=\"34ce99b\" data-element_type=\"column\">\n\t\t\t<div class=\"elementor-widget-wrap elementor-element-populated\">\n\t\t\t\t\t\t<div class=\"elementor-element elementor-element-34893a3 elementor-widget elementor-widget-image\" data-id=\"34893a3\" data-element_type=\"widget\" data-widget_type=\"image.default\">\n\t\t\t\t<div class=\"elementor-widget-container\">\n\t\t\t\t\t\t\t\t\t\t\t\t\t\t\t<img fetchpriority=\"high\" decoding=\"async\" width=\"1670\" height=\"300\" src=\"https:\/\/mechem.com\/wp-content\/uploads\/2021\/06\/mechem-slider-banner.jpg\" class=\"attachment-full size-full wp-image-920\" alt=\"\" srcset=\"https:\/\/mechem.com\/wp-content\/uploads\/2021\/06\/mechem-slider-banner.jpg 1670w, https:\/\/mechem.com\/wp-content\/uploads\/2021\/06\/mechem-slider-banner-300x54.jpg 300w, https:\/\/mechem.com\/wp-content\/uploads\/2021\/06\/mechem-slider-banner-1024x184.jpg 1024w, https:\/\/mechem.com\/wp-content\/uploads\/2021\/06\/mechem-slider-banner-768x138.jpg 768w, https:\/\/mechem.com\/wp-content\/uploads\/2021\/06\/mechem-slider-banner-1536x276.jpg 1536w\" sizes=\"(max-width: 1670px) 100vw, 1670px\" \/>\t\t\t\t\t\t\t\t\t\t\t\t\t\t\t<\/div>\n\t\t\t\t<\/div>\n\t\t\t\t\t<\/div>\n\t\t<\/div>\n\t\t\t\t\t<\/div>\n\t\t<\/section>\n\t\t\t\t<section class=\"elementor-section elementor-top-section elementor-element elementor-element-c98b629 elementor-section-boxed elementor-section-height-default elementor-section-height-default\" data-id=\"c98b629\" data-element_type=\"section\">\n\t\t\t\t\t\t<div class=\"elementor-container elementor-column-gap-default\">\n\t\t\t\t\t<div class=\"elementor-column elementor-col-100 elementor-top-column elementor-element elementor-element-390ae91\" data-id=\"390ae91\" data-element_type=\"column\">\n\t\t\t<div class=\"elementor-widget-wrap elementor-element-populated\">\n\t\t\t\t\t\t<div class=\"elementor-element elementor-element-c7ccd57 elementor-widget elementor-widget-spacer\" data-id=\"c7ccd57\" data-element_type=\"widget\" data-widget_type=\"spacer.default\">\n\t\t\t\t<div class=\"elementor-widget-container\">\n\t\t\t\t\t\t\t<div class=\"elementor-spacer\">\n\t\t\t<div class=\"elementor-spacer-inner\"><\/div>\n\t\t<\/div>\n\t\t\t\t\t\t<\/div>\n\t\t\t\t<\/div>\n\t\t\t\t<section class=\"elementor-section elementor-inner-section elementor-element elementor-element-e945203 elementor-section-boxed elementor-section-height-default elementor-section-height-default\" data-id=\"e945203\" data-element_type=\"section\">\n\t\t\t\t\t\t<div class=\"elementor-container elementor-column-gap-default\">\n\t\t\t\t\t<div class=\"elementor-column elementor-col-50 elementor-inner-column elementor-element elementor-element-bfa794d\" data-id=\"bfa794d\" data-element_type=\"column\">\n\t\t\t<div class=\"elementor-widget-wrap elementor-element-populated\">\n\t\t\t\t\t\t<div class=\"elementor-element elementor-element-65e24d5 elementor-widget elementor-widget-image\" data-id=\"65e24d5\" data-element_type=\"widget\" data-widget_type=\"image.default\">\n\t\t\t\t<div class=\"elementor-widget-container\">\n\t\t\t\t\t\t\t\t\t\t\t\t\t\t\t<img decoding=\"async\" width=\"75\" height=\"75\" src=\"https:\/\/mechem.com\/wp-content\/uploads\/2021\/06\/team-75x75-1.png\" class=\"attachment-large size-large wp-image-1053\" alt=\"\" \/>\t\t\t\t\t\t\t\t\t\t\t\t\t\t\t<\/div>\n\t\t\t\t<\/div>\n\t\t\t\t\t<\/div>\n\t\t<\/div>\n\t\t\t\t<div class=\"elementor-column elementor-col-50 elementor-inner-column elementor-element elementor-element-9576678\" data-id=\"9576678\" data-element_type=\"column\">\n\t\t\t<div class=\"elementor-widget-wrap elementor-element-populated\">\n\t\t\t\t\t\t<div class=\"elementor-element elementor-element-d187a88 elementor-widget elementor-widget-heading\" data-id=\"d187a88\" data-element_type=\"widget\" data-widget_type=\"heading.default\">\n\t\t\t\t<div class=\"elementor-widget-container\">\n\t\t\t\t\t<h1 class=\"elementor-heading-title elementor-size-default\">Ortaklar<\/h1>\t\t\t\t<\/div>\n\t\t\t\t<\/div>\n\t\t\t\t<div class=\"elementor-element elementor-element-a027270 elementor-widget elementor-widget-text-editor\" data-id=\"a027270\" data-element_type=\"widget\" data-widget_type=\"text-editor.default\">\n\t\t\t\t<div class=\"elementor-widget-container\">\n\t\t\t\t\t\t\t\t\t<p>Mechem, nihai kullan\u0131c\u0131lar i\u00e7in \u015feffaf ve \u00e7ok \u00e7e\u015fitli bir \u00fcr\u00fcn portf\u00f6y\u00fc sunmak amac\u0131yla \u00fcr\u00fcnlerini d\u00fcnyan\u0131n en iyi al\u00fcminyum \u00fcreticilerinden tedarik etmektedir. \u00dcreticilerle kurdu\u011fumuz g\u00fc\u00e7l\u00fc i\u015f ili\u015fkileri sayesinde s\u00fcrekli tedarik kapasitesine sahip olarak riskleri azaltmaktay\u0131z.<\/p><p>Uzun y\u0131llard\u0131r piyasada faaliyet g\u00f6steren Mechem, bu s\u00fcre i\u00e7erisinde m\u00fc\u015fteri hacmini artt\u0131rd\u0131 ve \u015fu anda Avrupa ve Akdeniz b\u00f6lgesinde 100\u2019den fazla m\u00fc\u015fteriye sahip. Stratejik konumlarda bulunan \u00fc\u00e7\u00fcnc\u00fc \u015fah\u0131s ardiye a\u011f\u0131m\u0131z, \u00fcr\u00fcnleri do\u011frudan limanda depolamam\u0131z\u0131 sa\u011flamakta ve m\u00fc\u015fterilerimizin talepleri uyar\u0131nca malzemeyi zaman\u0131nda teslim etmemizi m\u00fcmk\u00fcn k\u0131lmaktad\u0131r.<\/p><p>Mechem, g\u00fc\u00e7l\u00fc bilan\u00e7osu ve \u00f6zsermayesiyle piyasalardaki birinci s\u0131n\u0131f bankalarla \u00e7al\u0131\u015fmaktad\u0131r. Londra Metal Borsas\u0131 (LME) acenteleri, ticaret faaliyetlerimize yard\u0131mc\u0131 olmak i\u00e7in bize kapsaml\u0131 finansman sa\u011flamaktad\u0131r.<\/p>\t\t\t\t\t\t\t\t<\/div>\n\t\t\t\t<\/div>\n\t\t\t\t\t<\/div>\n\t\t<\/div>\n\t\t\t\t\t<\/div>\n\t\t<\/section>\n\t\t\t\t<div class=\"elementor-element elementor-element-67fb8b5 elementor-widget elementor-widget-spacer\" data-id=\"67fb8b5\" data-element_type=\"widget\" data-widget_type=\"spacer.default\">\n\t\t\t\t<div class=\"elementor-widget-container\">\n\t\t\t\t\t\t\t<div class=\"elementor-spacer\">\n\t\t\t<div class=\"elementor-spacer-inner\"><\/div>\n\t\t<\/div>\n\t\t\t\t\t\t<\/div>\n\t\t\t\t<\/div>\n\t\t\t\t\t<\/div>\n\t\t<\/div>\n\t\t\t\t\t<\/div>\n\t\t<\/section>\n\t\t\t\t<\/div>\n\t\t","protected":false},"excerpt":{"rendered":"<p>Ortaklar Mechem, nihai kullan\u0131c\u0131lar i\u00e7in \u015feffaf ve \u00e7ok \u00e7e\u015fitli bir \u00fcr\u00fcn portf\u00f6y\u00fc sunmak amac\u0131yla \u00fcr\u00fcnlerini d\u00fcnyan\u0131n en iyi al\u00fcminyum \u00fcreticilerinden tedarik etmektedir. \u00dcreticilerle kurdu\u011fumuz g\u00fc\u00e7l\u00fc i\u015f ili\u015fkileri sayesinde s\u00fcrekli tedarik kapasitesine sahip olarak riskleri azaltmaktay\u0131z. Uzun y\u0131llard\u0131r piyasada faaliyet g\u00f6steren Mechem, bu s\u00fcre i\u00e7erisinde m\u00fc\u015fteri hacmini artt\u0131rd\u0131 ve \u015fu anda Avrupa ve Akdeniz b\u00f6lgesinde 100\u2019den [&hellip;]<\/p>\n","protected":false},"author":2,"featured_media":920,"parent":0,"menu_order":0,"comment_status":"closed","ping_status":"closed","template":"","meta":{"footnotes":""},"class_list":["post-965","page","type-page","status-publish","has-post-thumbnail","hentry"],"aioseo_notices":[],"_links":{"self":[{"href":"https:\/\/mechem.com\/tr\/wp-json\/wp\/v2\/pages\/965","targetHints":{"allow":["GET"]}}],"collection":[{"href":"https:\/\/mechem.com\/tr\/wp-json\/wp\/v2\/pages"}],"about":[{"href":"https:\/\/mechem.com\/tr\/wp-json\/wp\/v2\/types\/page"}],"author":[{"embeddable":true,"href":"https:\/\/mechem.com\/tr\/wp-json\/wp\/v2\/users\/2"}],"replies":[{"embeddable":true,"href":"https:\/\/mechem.com\/tr\/wp-json\/wp\/v2\/comments?post=965"}],"version-history":[{"count":7,"href":"https:\/\/mechem.com\/tr\/wp-json\/wp\/v2\/pages\/965\/revisions"}],"predecessor-version":[{"id":1252,"href":"https:\/\/mechem.com\/tr\/wp-json\/wp\/v2\/pages\/965\/revisions\/1252"}],"wp:featuredmedia":[{"embeddable":true,"href":"https:\/\/mechem.com\/tr\/wp-json\/wp\/v2\/media\/920"}],"wp:attachment":[{"href":"https:\/\/mechem.com\/tr\/wp-json\/wp\/v2\/media?parent=965"}],"curies":[{"name":"wp","href":"https:\/\/api.w.org\/{rel}","templated":true}]}}