{"id":954,"date":"2021-06-27T14:50:33","date_gmt":"2021-06-27T14:50:33","guid":{"rendered":"https:\/\/mechem.com\/copper-products\/"},"modified":"2021-08-23T12:06:00","modified_gmt":"2021-08-23T12:06:00","slug":"bakir-urunleri","status":"publish","type":"page","link":"https:\/\/mechem.com\/tr\/bakir-urunleri\/","title":{"rendered":"Bak\u0131r \u00dcr\u00fcnleri"},"content":{"rendered":"\t\t<div data-elementor-type=\"wp-page\" data-elementor-id=\"954\" class=\"elementor elementor-954 elementor-526\" data-elementor-post-type=\"page\">\n\t\t\t\t\t\t<section class=\"elementor-section elementor-top-section elementor-element elementor-element-6779291 elementor-section-boxed elementor-section-height-default elementor-section-height-default\" data-id=\"6779291\" data-element_type=\"section\">\n\t\t\t\t\t\t<div class=\"elementor-container elementor-column-gap-default\">\n\t\t\t\t\t<div class=\"elementor-column elementor-col-100 elementor-top-column elementor-element elementor-element-7888128\" data-id=\"7888128\" data-element_type=\"column\">\n\t\t\t<div class=\"elementor-widget-wrap elementor-element-populated\">\n\t\t\t\t\t\t<div class=\"elementor-element elementor-element-1e59f59 elementor-widget elementor-widget-heading\" data-id=\"1e59f59\" data-element_type=\"widget\" data-widget_type=\"heading.default\">\n\t\t\t\t<div class=\"elementor-widget-container\">\n\t\t\t\t\t<h1 class=\"elementor-heading-title elementor-size-default\">Bak\u0131r \u00dcr\u00fcnleri<\/h1>\t\t\t\t<\/div>\n\t\t\t\t<\/div>\n\t\t\t\t<div class=\"elementor-element elementor-element-da21b4e elementor-widget elementor-widget-text-editor\" data-id=\"da21b4e\" data-element_type=\"widget\" data-widget_type=\"text-editor.default\">\n\t\t\t\t<div class=\"elementor-widget-container\">\n\t\t\t\t\t\t\t\t\t<div class=\"wpb_text_column wpb_content_element \"><div class=\"wpb_wrapper\"><p>Mechem, servis ve g\u00fcvenirlik konular\u0131nda sayg\u0131n bir itibara sahiptir. Geni\u015f tedarik\u00e7i a\u011f\u0131m\u0131z, g\u00fc\u00e7l\u00fc destek servisimiz ve kapsaml\u0131 m\u00fc\u015fteri portf\u00f6y\u00fcm\u00fcz, t\u00fcm m\u00fc\u015fterilerimizin faydalanabilece\u011fi bir yap\u0131y\u0131 ortaya koymaktad\u0131r.<\/p><\/div><\/div>\t\t\t\t\t\t\t\t<\/div>\n\t\t\t\t<\/div>\n\t\t\t\t<div class=\"elementor-element elementor-element-b934421 elementor-hidden-desktop elementor-hidden-tablet elementor-widget elementor-widget-button\" data-id=\"b934421\" data-element_type=\"widget\" data-widget_type=\"button.default\">\n\t\t\t\t<div class=\"elementor-widget-container\">\n\t\t\t\t\t\t\t\t\t<div class=\"elementor-button-wrapper\">\n\t\t\t\t\t<a class=\"elementor-button elementor-button-link elementor-size-sm\" href=\"https:\/\/mechem.com\/wp-content\/uploads\/2021\/08\/Mechem-urunler-bakir-kimyasal-ozellikler-1.pdf\">\n\t\t\t\t\t\t<span class=\"elementor-button-content-wrapper\">\n\t\t\t\t\t\t\t\t\t<span class=\"elementor-button-text\">Detayl\u0131 Bilgileri \u0130ndirin<\/span>\n\t\t\t\t\t<\/span>\n\t\t\t\t\t<\/a>\n\t\t\t\t<\/div>\n\t\t\t\t\t\t\t\t<\/div>\n\t\t\t\t<\/div>\n\t\t\t\t<div class=\"elementor-element elementor-element-a5c5360 elementor-hidden-phone elementor-widget elementor-widget-toggle\" data-id=\"a5c5360\" data-element_type=\"widget\" data-widget_type=\"toggle.default\">\n\t\t\t\t<div class=\"elementor-widget-container\">\n\t\t\t\t\t\t\t<div class=\"elementor-toggle\">\n\t\t\t\t\t\t\t<div class=\"elementor-toggle-item\">\n\t\t\t\t\t<div id=\"elementor-tab-title-1731\" class=\"elementor-tab-title\" data-tab=\"1\" role=\"button\" aria-controls=\"elementor-tab-content-1731\" aria-expanded=\"false\">\n\t\t\t\t\t\t\t\t\t\t\t\t<span class=\"elementor-toggle-icon elementor-toggle-icon-right\" aria-hidden=\"true\">\n\t\t\t\t\t\t\t\t\t\t\t\t\t\t\t<span class=\"elementor-toggle-icon-closed\"><i class=\"fas fa-caret-down\"><\/i><\/span>\n\t\t\t\t\t\t\t\t<span class=\"elementor-toggle-icon-opened\"><i class=\"elementor-toggle-icon-opened fas fa-caret-up\"><\/i><\/span>\n\t\t\t\t\t\t\t\t\t\t\t\t\t<\/span>\n\t\t\t\t\t\t\t\t\t\t\t\t<a class=\"elementor-toggle-title\" tabindex=\"0\">Bak\u0131r katotlar<\/a>\n\t\t\t\t\t<\/div>\n\n\t\t\t\t\t<div id=\"elementor-tab-content-1731\" class=\"elementor-tab-content elementor-clearfix\" data-tab=\"1\" role=\"region\" aria-labelledby=\"elementor-tab-title-1731\"><ul><li>GA bak\u0131r katotlar (LME Kay\u0131tl\u0131\/Kay\u0131tl\u0131 olmayan)<\/li><li>GA fiziksel olarak reddedilmi\u015f bak\u0131r katotlar<\/li><li>Standart d\u0131\u015f\u0131 bak\u0131r katotlar<\/li><\/ul><\/div>\n\t\t\t\t<\/div>\n\t\t\t\t\t\t\t<div class=\"elementor-toggle-item\">\n\t\t\t\t\t<div id=\"elementor-tab-title-1732\" class=\"elementor-tab-title\" data-tab=\"2\" role=\"button\" aria-controls=\"elementor-tab-content-1732\" aria-expanded=\"false\">\n\t\t\t\t\t\t\t\t\t\t\t\t<span class=\"elementor-toggle-icon elementor-toggle-icon-right\" aria-hidden=\"true\">\n\t\t\t\t\t\t\t\t\t\t\t\t\t\t\t<span class=\"elementor-toggle-icon-closed\"><i class=\"fas fa-caret-down\"><\/i><\/span>\n\t\t\t\t\t\t\t\t<span class=\"elementor-toggle-icon-opened\"><i class=\"elementor-toggle-icon-opened fas fa-caret-up\"><\/i><\/span>\n\t\t\t\t\t\t\t\t\t\t\t\t\t<\/span>\n\t\t\t\t\t\t\t\t\t\t\t\t<a class=\"elementor-toggle-title\" tabindex=\"0\">Yar\u0131 Bak\u0131r \u00dcr\u00fcnler<\/a>\n\t\t\t\t\t<\/div>\n\n\t\t\t\t\t<div id=\"elementor-tab-content-1732\" class=\"elementor-tab-content elementor-clearfix\" data-tab=\"2\" role=\"region\" aria-labelledby=\"elementor-tab-title-1732\"><ul><li>ETP bak\u0131r tellik \u00e7ubuk\u00a0\u00a0<\/li><li>OFHC bak\u0131r tellik \u00e7ubuk<\/li><\/ul><\/div>\n\t\t\t\t<\/div>\n\t\t\t\t\t\t\t<div class=\"elementor-toggle-item\">\n\t\t\t\t\t<div id=\"elementor-tab-title-1733\" class=\"elementor-tab-title\" data-tab=\"3\" role=\"button\" aria-controls=\"elementor-tab-content-1733\" aria-expanded=\"false\">\n\t\t\t\t\t\t\t\t\t\t\t\t<span class=\"elementor-toggle-icon elementor-toggle-icon-right\" aria-hidden=\"true\">\n\t\t\t\t\t\t\t\t\t\t\t\t\t\t\t<span class=\"elementor-toggle-icon-closed\"><i class=\"fas fa-caret-down\"><\/i><\/span>\n\t\t\t\t\t\t\t\t<span class=\"elementor-toggle-icon-opened\"><i class=\"elementor-toggle-icon-opened fas fa-caret-up\"><\/i><\/span>\n\t\t\t\t\t\t\t\t\t\t\t\t\t<\/span>\n\t\t\t\t\t\t\t\t\t\t\t\t<a class=\"elementor-toggle-title\" tabindex=\"0\">\u0130kincil Bak\u0131r Ham Madde<\/a>\n\t\t\t\t\t<\/div>\n\n\t\t\t\t\t<div id=\"elementor-tab-content-1733\" class=\"elementor-tab-content elementor-clearfix\" data-tab=\"3\" role=\"region\" aria-labelledby=\"elementor-tab-title-1733\"><ul><li>Yeniden Eritilmi\u015f k\u00fcl\u00e7eler\u00a0<\/li><li>Bak\u0131r gran\u00fcller<\/li><\/ul><\/div>\n\t\t\t\t<\/div>\n\t\t\t\t\t\t\t\t<\/div>\n\t\t\t\t\t\t<\/div>\n\t\t\t\t<\/div>\n\t\t\t\t\t<\/div>\n\t\t<\/div>\n\t\t\t\t\t<\/div>\n\t\t<\/section>\n\t\t\t\t<\/div>\n\t\t","protected":false},"excerpt":{"rendered":"<p>Bak\u0131r \u00dcr\u00fcnleri Mechem, servis ve g\u00fcvenirlik konular\u0131nda sayg\u0131n bir itibara sahiptir. Geni\u015f tedarik\u00e7i a\u011f\u0131m\u0131z, g\u00fc\u00e7l\u00fc destek servisimiz ve kapsaml\u0131 m\u00fc\u015fteri portf\u00f6y\u00fcm\u00fcz, t\u00fcm m\u00fc\u015fterilerimizin faydalanabilece\u011fi bir yap\u0131y\u0131 ortaya koymaktad\u0131r. Detayl\u0131 Bilgileri \u0130ndirin Bak\u0131r katotlar GA bak\u0131r katotlar (LME Kay\u0131tl\u0131\/Kay\u0131tl\u0131 olmayan) GA fiziksel olarak reddedilmi\u015f bak\u0131r katotlar Standart d\u0131\u015f\u0131 bak\u0131r katotlar Yar\u0131 Bak\u0131r \u00dcr\u00fcnler ETP bak\u0131r tellik [&hellip;]<\/p>\n","protected":false},"author":2,"featured_media":922,"parent":0,"menu_order":0,"comment_status":"closed","ping_status":"closed","template":"","meta":{"footnotes":""},"class_list":["post-954","page","type-page","status-publish","has-post-thumbnail","hentry"],"aioseo_notices":[],"_links":{"self":[{"href":"https:\/\/mechem.com\/tr\/wp-json\/wp\/v2\/pages\/954","targetHints":{"allow":["GET"]}}],"collection":[{"href":"https:\/\/mechem.com\/tr\/wp-json\/wp\/v2\/pages"}],"about":[{"href":"https:\/\/mechem.com\/tr\/wp-json\/wp\/v2\/types\/page"}],"author":[{"embeddable":true,"href":"https:\/\/mechem.com\/tr\/wp-json\/wp\/v2\/users\/2"}],"replies":[{"embeddable":true,"href":"https:\/\/mechem.com\/tr\/wp-json\/wp\/v2\/comments?post=954"}],"version-history":[{"count":33,"href":"https:\/\/mechem.com\/tr\/wp-json\/wp\/v2\/pages\/954\/revisions"}],"predecessor-version":[{"id":1295,"href":"https:\/\/mechem.com\/tr\/wp-json\/wp\/v2\/pages\/954\/revisions\/1295"}],"wp:featuredmedia":[{"embeddable":true,"href":"https:\/\/mechem.com\/tr\/wp-json\/wp\/v2\/media\/922"}],"wp:attachment":[{"href":"https:\/\/mechem.com\/tr\/wp-json\/wp\/v2\/media?parent=954"}],"curies":[{"name":"wp","href":"https:\/\/api.w.org\/{rel}","templated":true}]}}