{"id":916,"date":"2021-07-26T08:58:36","date_gmt":"2021-07-26T08:58:36","guid":{"rendered":"https:\/\/mechem.com\/?page_id=916"},"modified":"2021-08-23T11:44:26","modified_gmt":"2021-08-23T11:44:26","slug":"biz-kimiz","status":"publish","type":"page","link":"https:\/\/mechem.com\/tr\/","title":{"rendered":"Biz Kimiz?"},"content":{"rendered":"\t\t<div data-elementor-type=\"wp-page\" data-elementor-id=\"916\" class=\"elementor elementor-916 elementor-19\" data-elementor-post-type=\"page\">\n\t\t\t\t\t\t<section class=\"elementor-section elementor-top-section elementor-element elementor-element-767e1a7 elementor-section-full_width elementor-section-height-default elementor-section-height-default\" data-id=\"767e1a7\" data-element_type=\"section\">\n\t\t\t\t\t\t<div class=\"elementor-container elementor-column-gap-no\">\n\t\t\t\t\t<div class=\"elementor-column elementor-col-100 elementor-top-column elementor-element elementor-element-a068793\" data-id=\"a068793\" data-element_type=\"column\">\n\t\t\t<div class=\"elementor-widget-wrap elementor-element-populated\">\n\t\t\t\t\t\t<div class=\"elementor-element elementor-element-74f8f3b elementor--h-position-center elementor--v-position-middle elementor-arrows-position-inside elementor-pagination-position-inside elementor-widget elementor-widget-slides\" data-id=\"74f8f3b\" data-element_type=\"widget\" data-settings=\"{&quot;navigation&quot;:&quot;both&quot;,&quot;autoplay&quot;:&quot;yes&quot;,&quot;pause_on_hover&quot;:&quot;yes&quot;,&quot;pause_on_interaction&quot;:&quot;yes&quot;,&quot;autoplay_speed&quot;:5000,&quot;infinite&quot;:&quot;yes&quot;,&quot;transition&quot;:&quot;slide&quot;,&quot;transition_speed&quot;:500}\" data-widget_type=\"slides.default\">\n\t\t\t\t<div class=\"elementor-widget-container\">\n\t\t\t\t\t\t\t\t\t<div class=\"elementor-swiper\">\n\t\t\t\t\t<div class=\"elementor-slides-wrapper elementor-main-swiper swiper\" role=\"region\" aria-roledescription=\"carousel\" aria-label=\"Slides\" dir=\"ltr\" data-animation=\"fadeInUp\">\n\t\t\t\t<div class=\"swiper-wrapper elementor-slides\">\n\t\t\t\t\t\t\t\t\t\t<div class=\"elementor-repeater-item-124c549 swiper-slide\" role=\"group\" aria-roledescription=\"slide\"><div class=\"swiper-slide-bg\" role=\"img\"><\/div><div class=\"swiper-slide-inner\" ><div class=\"swiper-slide-contents\"><\/div><\/div><\/div><div class=\"elementor-repeater-item-06f1fa5 swiper-slide\" role=\"group\" aria-roledescription=\"slide\"><div class=\"swiper-slide-bg\" role=\"img\"><\/div><div class=\"swiper-slide-inner\" ><div class=\"swiper-slide-contents\"><\/div><\/div><\/div><div class=\"elementor-repeater-item-e7f337f swiper-slide\" role=\"group\" aria-roledescription=\"slide\"><div class=\"swiper-slide-bg\" role=\"img\"><\/div><div class=\"swiper-slide-inner\" ><div class=\"swiper-slide-contents\"><\/div><\/div><\/div><div class=\"elementor-repeater-item-1894b61 swiper-slide\" role=\"group\" aria-roledescription=\"slide\"><div class=\"swiper-slide-bg\" role=\"img\"><\/div><div class=\"swiper-slide-inner\" ><div class=\"swiper-slide-contents\"><\/div><\/div><\/div>\t\t\t\t<\/div>\n\t\t\t\t\t\t\t\t\t\t\t\t\t\t\t<div class=\"elementor-swiper-button elementor-swiper-button-prev\" role=\"button\" tabindex=\"0\" aria-label=\"Previous slide\">\n\t\t\t\t\t\t\t<i aria-hidden=\"true\" class=\"eicon-chevron-left\"><\/i>\t\t\t\t\t\t<\/div>\n\t\t\t\t\t\t<div class=\"elementor-swiper-button elementor-swiper-button-next\" role=\"button\" tabindex=\"0\" aria-label=\"Next slide\">\n\t\t\t\t\t\t\t<i aria-hidden=\"true\" class=\"eicon-chevron-right\"><\/i>\t\t\t\t\t\t<\/div>\n\t\t\t\t\t\t\t\t\t\t\t\t\t\t\t\t<div class=\"swiper-pagination\"><\/div>\n\t\t\t\t\t\t\t\t\t\t\t\t<\/div>\n\t\t\t\t<\/div>\n\t\t\t\t\t\t\t\t<\/div>\n\t\t\t\t<\/div>\n\t\t\t\t\t<\/div>\n\t\t<\/div>\n\t\t\t\t\t<\/div>\n\t\t<\/section>\n\t\t\t\t<section class=\"elementor-section elementor-top-section elementor-element elementor-element-07fec06 elementor-hidden-phone elementor-section-boxed elementor-section-height-default elementor-section-height-default\" data-id=\"07fec06\" data-element_type=\"section\">\n\t\t\t\t\t\t<div class=\"elementor-container elementor-column-gap-default\">\n\t\t\t\t\t<div class=\"elementor-column elementor-col-50 elementor-top-column elementor-element elementor-element-580a0c2\" data-id=\"580a0c2\" data-element_type=\"column\">\n\t\t\t<div class=\"elementor-widget-wrap elementor-element-populated\">\n\t\t\t\t\t\t<div class=\"elementor-element elementor-element-bc3990e elementor-widget elementor-widget-spacer\" data-id=\"bc3990e\" data-element_type=\"widget\" data-widget_type=\"spacer.default\">\n\t\t\t\t<div class=\"elementor-widget-container\">\n\t\t\t\t\t\t\t<div class=\"elementor-spacer\">\n\t\t\t<div class=\"elementor-spacer-inner\"><\/div>\n\t\t<\/div>\n\t\t\t\t\t\t<\/div>\n\t\t\t\t<\/div>\n\t\t\t\t<div class=\"elementor-element elementor-element-4e23cf8 elementor-widget elementor-widget-heading\" data-id=\"4e23cf8\" data-element_type=\"widget\" data-widget_type=\"heading.default\">\n\t\t\t\t<div class=\"elementor-widget-container\">\n\t\t\t\t\t<h1 class=\"elementor-heading-title elementor-size-default\">Biz Kimiz?<\/h1>\t\t\t\t<\/div>\n\t\t\t\t<\/div>\n\t\t\t\t<div class=\"elementor-element elementor-element-e76e04b elementor-widget elementor-widget-text-editor\" data-id=\"e76e04b\" data-element_type=\"widget\" data-widget_type=\"text-editor.default\">\n\t\t\t\t<div class=\"elementor-widget-container\">\n\t\t\t\t\t\t\t\t\t<p>Mechem, baz metal ticareti yapan, \u0130svi\u00e7re merkezli \u00f6zel bir \u015firkettir. \u015eirket 1993 y\u0131l\u0131nda kurulmu\u015ftur ve t\u00fcm d\u00fcnyada faaliyet g\u00f6stermektedir. Temel olarak al\u00fcminyum k\u00fcl\u00e7eler, ekstr\u00fczyon k\u00fct\u00fckleri, al\u00fcminyum d\u00f6k\u00fcm plakalar\u0131, filma\u015finin yan\u0131 s\u0131ra birincil ve ikinci derece bak\u0131r \u00fcr\u00fcnleri pazarlamaktad\u0131r.<\/p><p>Mechem m\u00fc\u015fteri portf\u00f6y\u00fc y\u0131llar i\u00e7erisinde t\u00fcm d\u00fcnyada artm\u0131\u015ft\u0131r. Stratejik konumlarda bulunan \u00fc\u00e7\u00fcnc\u00fc \u015fah\u0131s ardiye a\u011f\u0131m\u0131z, \u00fcr\u00fcnleri do\u011frudan limanda depolamam\u0131z\u0131 sa\u011flamakta ve m\u00fc\u015fterilerimizin talepleri uyar\u0131nca malzemeyi h\u0131zl\u0131 bir \u015fekilde teslim etmemizi m\u00fcmk\u00fcn k\u0131lmaktad\u0131r.<\/p><p>Merkezimiz Lozan\u2019da (\u0130svi\u00e7re) bulunmaktad\u0131r ve her \u00fcr\u00fcn grubunda uzmanlara sahip ba\u011fl\u0131 ortakl\u0131klar\u0131m\u0131zla uluslararas\u0131 kapsamda imalat\u00e7\u0131lara ve i\u015fletmelere birincil al\u00fcminyum ve yar\u0131 i\u015flenmi\u015f al\u00fcminyum \u00fcr\u00fcnler sunmaktay\u0131z.<\/p>\t\t\t\t\t\t\t\t<\/div>\n\t\t\t\t<\/div>\n\t\t\t\t<div class=\"elementor-element elementor-element-7be8225 elementor-widget elementor-widget-heading\" data-id=\"7be8225\" data-element_type=\"widget\" data-widget_type=\"heading.default\">\n\t\t\t\t<div class=\"elementor-widget-container\">\n\t\t\t\t\t<h1 class=\"elementor-heading-title elementor-size-default\">Co\u011frafi Eri\u015fim<\/h1>\t\t\t\t<\/div>\n\t\t\t\t<\/div>\n\t\t\t\t<div class=\"elementor-element elementor-element-a830ab2 elementor-widget elementor-widget-image\" data-id=\"a830ab2\" data-element_type=\"widget\" data-widget_type=\"image.default\">\n\t\t\t\t<div class=\"elementor-widget-container\">\n\t\t\t\t\t\t\t\t\t\t\t\t\t\t\t<img fetchpriority=\"high\" decoding=\"async\" width=\"803\" height=\"449\" src=\"https:\/\/mechem.com\/wp-content\/uploads\/2021\/06\/mechem-geographical-Reach.png\" class=\"attachment-full size-full wp-image-923\" alt=\"\" srcset=\"https:\/\/mechem.com\/wp-content\/uploads\/2021\/06\/mechem-geographical-Reach.png 803w, https:\/\/mechem.com\/wp-content\/uploads\/2021\/06\/mechem-geographical-Reach-300x168.png 300w, https:\/\/mechem.com\/wp-content\/uploads\/2021\/06\/mechem-geographical-Reach-768x429.png 768w\" sizes=\"(max-width: 803px) 100vw, 803px\" \/>\t\t\t\t\t\t\t\t\t\t\t\t\t\t\t<\/div>\n\t\t\t\t<\/div>\n\t\t\t\t<div class=\"elementor-element elementor-element-cc4bfe7 elementor-widget elementor-widget-spacer\" data-id=\"cc4bfe7\" data-element_type=\"widget\" data-widget_type=\"spacer.default\">\n\t\t\t\t<div class=\"elementor-widget-container\">\n\t\t\t\t\t\t\t<div class=\"elementor-spacer\">\n\t\t\t<div class=\"elementor-spacer-inner\"><\/div>\n\t\t<\/div>\n\t\t\t\t\t\t<\/div>\n\t\t\t\t<\/div>\n\t\t\t\t\t<\/div>\n\t\t<\/div>\n\t\t\t\t<div class=\"elementor-column elementor-col-50 elementor-top-column elementor-element elementor-element-4acd523\" data-id=\"4acd523\" data-element_type=\"column\">\n\t\t\t<div class=\"elementor-widget-wrap elementor-element-populated\">\n\t\t\t\t\t\t<div class=\"elementor-element elementor-element-8e88ea2 elementor-widget elementor-widget-spacer\" data-id=\"8e88ea2\" data-element_type=\"widget\" data-widget_type=\"spacer.default\">\n\t\t\t\t<div class=\"elementor-widget-container\">\n\t\t\t\t\t\t\t<div class=\"elementor-spacer\">\n\t\t\t<div class=\"elementor-spacer-inner\"><\/div>\n\t\t<\/div>\n\t\t\t\t\t\t<\/div>\n\t\t\t\t<\/div>\n\t\t\t\t<div class=\"elementor-element elementor-element-148fd1a elementor-widget elementor-widget-heading\" data-id=\"148fd1a\" data-element_type=\"widget\" data-widget_type=\"heading.default\">\n\t\t\t\t<div class=\"elementor-widget-container\">\n\t\t\t\t\t<h1 class=\"elementor-heading-title elementor-size-default\">B\u0130Z K\u0130M\u0130Z?<\/h1>\t\t\t\t<\/div>\n\t\t\t\t<\/div>\n\t\t\t\t<div class=\"elementor-element elementor-element-44f735b aboutmenu2 elementor-nav-menu--dropdown-tablet elementor-nav-menu__text-align-aside elementor-nav-menu--toggle elementor-nav-menu--burger elementor-widget elementor-widget-nav-menu\" data-id=\"44f735b\" data-element_type=\"widget\" data-settings=\"{&quot;layout&quot;:&quot;vertical&quot;,&quot;submenu_icon&quot;:{&quot;value&quot;:&quot;&lt;i class=\\&quot;fas fa-caret-down\\&quot;&gt;&lt;\\\/i&gt;&quot;,&quot;library&quot;:&quot;fa-solid&quot;},&quot;toggle&quot;:&quot;burger&quot;}\" data-widget_type=\"nav-menu.default\">\n\t\t\t\t<div class=\"elementor-widget-container\">\n\t\t\t\t\t\t\t\t<nav aria-label=\"Men\u00fc\" class=\"elementor-nav-menu--main elementor-nav-menu__container elementor-nav-menu--layout-vertical e--pointer-background e--animation-none\">\n\t\t\t\t<ul id=\"menu-1-44f735b\" class=\"elementor-nav-menu sm-vertical\"><li class=\"menu-item menu-item-type-post_type menu-item-object-page menu-item-home menu-item-1139\"><a href=\"https:\/\/mechem.com\/tr\/\" class=\"elementor-item\">Biz Kimiz?<\/a><\/li>\n<li class=\"menu-item menu-item-type-post_type menu-item-object-page menu-item-1140\"><a href=\"https:\/\/mechem.com\/tr\/vizyonumuz\/\" class=\"elementor-item\">Vizyonumuz<\/a><\/li>\n<li class=\"menu-item menu-item-type-post_type menu-item-object-page menu-item-1143\"><a href=\"https:\/\/mechem.com\/tr\/urunler\/\" class=\"elementor-item\">\u00dcr\u00fcnler<\/a><\/li>\n<li class=\"menu-item menu-item-type-post_type menu-item-object-page menu-item-1142\"><a href=\"https:\/\/mechem.com\/tr\/prensipler\/\" class=\"elementor-item\">Prensipler<\/a><\/li>\n<li class=\"menu-item menu-item-type-post_type menu-item-object-page menu-item-1141\"><a href=\"https:\/\/mechem.com\/tr\/amac-ve-degerler\/\" class=\"elementor-item\">Ama\u00e7 ve De\u011ferler<\/a><\/li>\n<li class=\"menu-item menu-item-type-post_type menu-item-object-page menu-item-2024\"><a href=\"https:\/\/mechem.com\/tr\/kalite-belgeleri\/\" class=\"elementor-item\">Kalite Belgeleri<\/a><\/li>\n<li class=\"menu-item menu-item-type-post_type menu-item-object-page menu-item-2336\"><a href=\"https:\/\/mechem.com\/tr\/genel-sartlar-ve-kosullar\/\" class=\"elementor-item\">Genel \u015eartlar ve Ko\u015fullar<\/a><\/li>\n<li class=\"menu-item menu-item-type-post_type menu-item-object-page menu-item-1436\"><a href=\"https:\/\/mechem.com\/tr\/ekibimizle-iletisime-gecin\/\" class=\"elementor-item\">Ekibimizle \u0130leti\u015fime Ge\u00e7in<\/a><\/li>\n<\/ul>\t\t\t<\/nav>\n\t\t\t\t\t<div class=\"elementor-menu-toggle\" role=\"button\" tabindex=\"0\" aria-label=\"Menu Toggle\" aria-expanded=\"false\">\n\t\t\t<i aria-hidden=\"true\" role=\"presentation\" class=\"elementor-menu-toggle__icon--open eicon-menu-bar\"><\/i><i aria-hidden=\"true\" role=\"presentation\" class=\"elementor-menu-toggle__icon--close eicon-close\"><\/i>\t\t<\/div>\n\t\t\t\t\t<nav class=\"elementor-nav-menu--dropdown elementor-nav-menu__container\" aria-hidden=\"true\">\n\t\t\t\t<ul id=\"menu-2-44f735b\" class=\"elementor-nav-menu sm-vertical\"><li class=\"menu-item menu-item-type-post_type menu-item-object-page menu-item-home menu-item-1139\"><a href=\"https:\/\/mechem.com\/tr\/\" class=\"elementor-item\" tabindex=\"-1\">Biz Kimiz?<\/a><\/li>\n<li class=\"menu-item menu-item-type-post_type menu-item-object-page menu-item-1140\"><a href=\"https:\/\/mechem.com\/tr\/vizyonumuz\/\" class=\"elementor-item\" tabindex=\"-1\">Vizyonumuz<\/a><\/li>\n<li class=\"menu-item menu-item-type-post_type menu-item-object-page menu-item-1143\"><a href=\"https:\/\/mechem.com\/tr\/urunler\/\" class=\"elementor-item\" tabindex=\"-1\">\u00dcr\u00fcnler<\/a><\/li>\n<li class=\"menu-item menu-item-type-post_type menu-item-object-page menu-item-1142\"><a href=\"https:\/\/mechem.com\/tr\/prensipler\/\" class=\"elementor-item\" tabindex=\"-1\">Prensipler<\/a><\/li>\n<li class=\"menu-item menu-item-type-post_type menu-item-object-page menu-item-1141\"><a href=\"https:\/\/mechem.com\/tr\/amac-ve-degerler\/\" class=\"elementor-item\" tabindex=\"-1\">Ama\u00e7 ve De\u011ferler<\/a><\/li>\n<li class=\"menu-item menu-item-type-post_type menu-item-object-page menu-item-2024\"><a href=\"https:\/\/mechem.com\/tr\/kalite-belgeleri\/\" class=\"elementor-item\" tabindex=\"-1\">Kalite Belgeleri<\/a><\/li>\n<li class=\"menu-item menu-item-type-post_type menu-item-object-page menu-item-2336\"><a href=\"https:\/\/mechem.com\/tr\/genel-sartlar-ve-kosullar\/\" class=\"elementor-item\" tabindex=\"-1\">Genel \u015eartlar ve Ko\u015fullar<\/a><\/li>\n<li class=\"menu-item menu-item-type-post_type menu-item-object-page menu-item-1436\"><a href=\"https:\/\/mechem.com\/tr\/ekibimizle-iletisime-gecin\/\" class=\"elementor-item\" tabindex=\"-1\">Ekibimizle \u0130leti\u015fime Ge\u00e7in<\/a><\/li>\n<\/ul>\t\t\t<\/nav>\n\t\t\t\t\t\t<\/div>\n\t\t\t\t<\/div>\n\t\t\t\t\t<\/div>\n\t\t<\/div>\n\t\t\t\t\t<\/div>\n\t\t<\/section>\n\t\t\t\t<section class=\"elementor-section elementor-top-section elementor-element elementor-element-ca7c294 elementor-section-full_width elementor-hidden-desktop elementor-hidden-tablet elementor-section-height-default elementor-section-height-default\" data-id=\"ca7c294\" data-element_type=\"section\">\n\t\t\t\t\t\t<div class=\"elementor-container elementor-column-gap-no\">\n\t\t\t\t\t<div class=\"elementor-column elementor-col-100 elementor-top-column elementor-element elementor-element-62dd22c\" data-id=\"62dd22c\" data-element_type=\"column\">\n\t\t\t<div class=\"elementor-widget-wrap elementor-element-populated\">\n\t\t\t\t\t\t<div class=\"elementor-element elementor-element-da4530e elementor-widget elementor-widget-spacer\" data-id=\"da4530e\" data-element_type=\"widget\" data-widget_type=\"spacer.default\">\n\t\t\t\t<div class=\"elementor-widget-container\">\n\t\t\t\t\t\t\t<div class=\"elementor-spacer\">\n\t\t\t<div class=\"elementor-spacer-inner\"><\/div>\n\t\t<\/div>\n\t\t\t\t\t\t<\/div>\n\t\t\t\t<\/div>\n\t\t\t\t<div class=\"elementor-element elementor-element-f5c7229 elementor-widget elementor-widget-heading\" data-id=\"f5c7229\" data-element_type=\"widget\" data-widget_type=\"heading.default\">\n\t\t\t\t<div class=\"elementor-widget-container\">\n\t\t\t\t\t<h1 class=\"elementor-heading-title elementor-size-default\">Biz Kimiz?<\/h1>\t\t\t\t<\/div>\n\t\t\t\t<\/div>\n\t\t\t\t<div class=\"elementor-element elementor-element-5615c2f elementor-widget elementor-widget-text-editor\" data-id=\"5615c2f\" data-element_type=\"widget\" data-widget_type=\"text-editor.default\">\n\t\t\t\t<div class=\"elementor-widget-container\">\n\t\t\t\t\t\t\t\t\t<p>Mechem, baz metal ticareti yapan, \u0130svi\u00e7re merkezli \u00f6zel bir \u015firkettir. \u015eirket 1993 y\u0131l\u0131nda kurulmu\u015ftur ve t\u00fcm d\u00fcnyada faaliyet g\u00f6stermektedir. Temel olarak al\u00fcminyum k\u00fcl\u00e7eler, ekstr\u00fczyon k\u00fct\u00fckleri, al\u00fcminyum d\u00f6k\u00fcm plakalar\u0131, filma\u015finin yan\u0131 s\u0131ra birincil ve ikinci derece bak\u0131r \u00fcr\u00fcnleri pazarlamaktad\u0131r.<\/p><p>Mechem m\u00fc\u015fteri portf\u00f6y\u00fc y\u0131llar i\u00e7erisinde t\u00fcm d\u00fcnyada artm\u0131\u015ft\u0131r. Stratejik konumlarda bulunan \u00fc\u00e7\u00fcnc\u00fc \u015fah\u0131s ardiye a\u011f\u0131m\u0131z, \u00fcr\u00fcnleri do\u011frudan limanda depolamam\u0131z\u0131 sa\u011flamakta ve m\u00fc\u015fterilerimizin talepleri uyar\u0131nca malzemeyi h\u0131zl\u0131 bir \u015fekilde teslim etmemizi m\u00fcmk\u00fcn k\u0131lmaktad\u0131r.<\/p><p>Merkezimiz Lozan\u2019da (\u0130svi\u00e7re) bulunmaktad\u0131r ve her \u00fcr\u00fcn grubunda uzmanlara sahip ba\u011fl\u0131 ortakl\u0131klar\u0131m\u0131zla uluslararas\u0131 kapsamda imalat\u00e7\u0131lara ve i\u015fletmelere birincil al\u00fcminyum ve yar\u0131 i\u015flenmi\u015f al\u00fcminyum \u00fcr\u00fcnler sunmaktay\u0131z.<\/p>\t\t\t\t\t\t\t\t<\/div>\n\t\t\t\t<\/div>\n\t\t\t\t<div class=\"elementor-element elementor-element-3214072 elementor-widget elementor-widget-heading\" data-id=\"3214072\" data-element_type=\"widget\" data-widget_type=\"heading.default\">\n\t\t\t\t<div class=\"elementor-widget-container\">\n\t\t\t\t\t<h1 class=\"elementor-heading-title elementor-size-default\">Co\u011frafi Eri\u015fim<\/h1>\t\t\t\t<\/div>\n\t\t\t\t<\/div>\n\t\t\t\t<div class=\"elementor-element elementor-element-80a331c elementor-widget elementor-widget-image\" data-id=\"80a331c\" data-element_type=\"widget\" data-widget_type=\"image.default\">\n\t\t\t\t<div class=\"elementor-widget-container\">\n\t\t\t\t\t\t\t\t\t\t\t\t\t\t\t<img fetchpriority=\"high\" decoding=\"async\" width=\"803\" height=\"449\" src=\"https:\/\/mechem.com\/wp-content\/uploads\/2021\/06\/mechem-geographical-Reach.png\" class=\"attachment-full size-full wp-image-923\" alt=\"\" srcset=\"https:\/\/mechem.com\/wp-content\/uploads\/2021\/06\/mechem-geographical-Reach.png 803w, https:\/\/mechem.com\/wp-content\/uploads\/2021\/06\/mechem-geographical-Reach-300x168.png 300w, https:\/\/mechem.com\/wp-content\/uploads\/2021\/06\/mechem-geographical-Reach-768x429.png 768w\" sizes=\"(max-width: 803px) 100vw, 803px\" \/>\t\t\t\t\t\t\t\t\t\t\t\t\t\t\t<\/div>\n\t\t\t\t<\/div>\n\t\t\t\t\t<\/div>\n\t\t<\/div>\n\t\t\t\t\t<\/div>\n\t\t<\/section>\n\t\t\t\t<\/div>\n\t\t","protected":false},"excerpt":{"rendered":"<p>Previous Next Biz Kimiz? Mechem, baz metal ticareti yapan, \u0130svi\u00e7re merkezli \u00f6zel bir \u015firkettir. \u015eirket 1993 y\u0131l\u0131nda kurulmu\u015ftur ve t\u00fcm d\u00fcnyada faaliyet g\u00f6stermektedir. Temel olarak al\u00fcminyum k\u00fcl\u00e7eler, ekstr\u00fczyon k\u00fct\u00fckleri, al\u00fcminyum d\u00f6k\u00fcm plakalar\u0131, filma\u015finin yan\u0131 s\u0131ra birincil ve ikinci derece bak\u0131r \u00fcr\u00fcnleri pazarlamaktad\u0131r. Mechem m\u00fc\u015fteri portf\u00f6y\u00fc y\u0131llar i\u00e7erisinde t\u00fcm d\u00fcnyada artm\u0131\u015ft\u0131r. Stratejik konumlarda bulunan \u00fc\u00e7\u00fcnc\u00fc \u015fah\u0131s [&hellip;]<\/p>\n","protected":false},"author":2,"featured_media":0,"parent":0,"menu_order":0,"comment_status":"closed","ping_status":"closed","template":"","meta":{"footnotes":""},"class_list":["post-916","page","type-page","status-publish","hentry"],"aioseo_notices":[],"_links":{"self":[{"href":"https:\/\/mechem.com\/tr\/wp-json\/wp\/v2\/pages\/916","targetHints":{"allow":["GET"]}}],"collection":[{"href":"https:\/\/mechem.com\/tr\/wp-json\/wp\/v2\/pages"}],"about":[{"href":"https:\/\/mechem.com\/tr\/wp-json\/wp\/v2\/types\/page"}],"author":[{"embeddable":true,"href":"https:\/\/mechem.com\/tr\/wp-json\/wp\/v2\/users\/2"}],"replies":[{"embeddable":true,"href":"https:\/\/mechem.com\/tr\/wp-json\/wp\/v2\/comments?post=916"}],"version-history":[{"count":23,"href":"https:\/\/mechem.com\/tr\/wp-json\/wp\/v2\/pages\/916\/revisions"}],"predecessor-version":[{"id":1255,"href":"https:\/\/mechem.com\/tr\/wp-json\/wp\/v2\/pages\/916\/revisions\/1255"}],"wp:attachment":[{"href":"https:\/\/mechem.com\/tr\/wp-json\/wp\/v2\/media?parent=916"}],"curies":[{"name":"wp","href":"https:\/\/api.w.org\/{rel}","templated":true}]}}