{"id":1108,"date":"2021-06-27T07:16:44","date_gmt":"2021-06-27T07:16:44","guid":{"rendered":"https:\/\/mechem.com\/careers\/"},"modified":"2021-07-26T10:01:23","modified_gmt":"2021-07-26T10:01:23","slug":"kariyerler","status":"publish","type":"page","link":"https:\/\/mechem.com\/tr\/kariyerler\/","title":{"rendered":"Kariyerler"},"content":{"rendered":"\t\t<div data-elementor-type=\"wp-page\" data-elementor-id=\"1108\" class=\"elementor elementor-1108 elementor-222\" data-elementor-post-type=\"page\">\n\t\t\t\t\t\t<section class=\"elementor-section elementor-top-section elementor-element elementor-element-9b077a8 elementor-section-full_width elementor-section-height-default elementor-section-height-default\" data-id=\"9b077a8\" data-element_type=\"section\" data-e-type=\"section\">\n\t\t\t\t\t\t<div class=\"elementor-container elementor-column-gap-no\">\n\t\t\t\t\t<div class=\"elementor-column elementor-col-100 elementor-top-column elementor-element elementor-element-34ce99b\" data-id=\"34ce99b\" data-element_type=\"column\" data-e-type=\"column\">\n\t\t\t<div class=\"elementor-widget-wrap elementor-element-populated\">\n\t\t\t\t\t\t<div class=\"elementor-element elementor-element-e5fcaa5 elementor-widget elementor-widget-image\" data-id=\"e5fcaa5\" data-element_type=\"widget\" data-e-type=\"widget\" data-widget_type=\"image.default\">\n\t\t\t\t<div class=\"elementor-widget-container\">\n\t\t\t\t\t\t\t\t\t\t\t\t\t\t\t<img fetchpriority=\"high\" decoding=\"async\" width=\"1670\" height=\"300\" src=\"https:\/\/mechem.com\/wp-content\/uploads\/2021\/06\/mechem-slider-banner.jpg\" class=\"attachment-full size-full wp-image-920\" alt=\"\" srcset=\"https:\/\/mechem.com\/wp-content\/uploads\/2021\/06\/mechem-slider-banner.jpg 1670w, https:\/\/mechem.com\/wp-content\/uploads\/2021\/06\/mechem-slider-banner-300x54.jpg 300w, https:\/\/mechem.com\/wp-content\/uploads\/2021\/06\/mechem-slider-banner-1024x184.jpg 1024w, https:\/\/mechem.com\/wp-content\/uploads\/2021\/06\/mechem-slider-banner-768x138.jpg 768w, https:\/\/mechem.com\/wp-content\/uploads\/2021\/06\/mechem-slider-banner-1536x276.jpg 1536w\" sizes=\"(max-width: 1670px) 100vw, 1670px\" \/>\t\t\t\t\t\t\t\t\t\t\t\t\t\t\t<\/div>\n\t\t\t\t<\/div>\n\t\t\t\t\t<\/div>\n\t\t<\/div>\n\t\t\t\t\t<\/div>\n\t\t<\/section>\n\t\t\t\t<section class=\"elementor-section elementor-top-section elementor-element elementor-element-2e5ac84 elementor-section-boxed elementor-section-height-default elementor-section-height-default\" data-id=\"2e5ac84\" data-element_type=\"section\" data-e-type=\"section\">\n\t\t\t\t\t\t<div class=\"elementor-container elementor-column-gap-default\">\n\t\t\t\t\t<div class=\"elementor-column elementor-col-100 elementor-top-column elementor-element elementor-element-89173a4\" data-id=\"89173a4\" data-element_type=\"column\" data-e-type=\"column\">\n\t\t\t<div class=\"elementor-widget-wrap elementor-element-populated\">\n\t\t\t\t\t\t<div class=\"elementor-element elementor-element-e21c448 elementor-widget elementor-widget-spacer\" data-id=\"e21c448\" data-element_type=\"widget\" data-e-type=\"widget\" data-widget_type=\"spacer.default\">\n\t\t\t\t<div class=\"elementor-widget-container\">\n\t\t\t\t\t\t\t<div class=\"elementor-spacer\">\n\t\t\t<div class=\"elementor-spacer-inner\"><\/div>\n\t\t<\/div>\n\t\t\t\t\t\t<\/div>\n\t\t\t\t<\/div>\n\t\t\t\t<section class=\"elementor-section elementor-inner-section elementor-element elementor-element-58d9086 elementor-section-boxed elementor-section-height-default elementor-section-height-default\" data-id=\"58d9086\" data-element_type=\"section\" data-e-type=\"section\">\n\t\t\t\t\t\t<div class=\"elementor-container elementor-column-gap-default\">\n\t\t\t\t\t<div class=\"elementor-column elementor-col-50 elementor-inner-column elementor-element elementor-element-cc8770e\" data-id=\"cc8770e\" data-element_type=\"column\" data-e-type=\"column\">\n\t\t\t<div class=\"elementor-widget-wrap elementor-element-populated\">\n\t\t\t\t\t\t<div class=\"elementor-element elementor-element-e01dc19 elementor-widget elementor-widget-image\" data-id=\"e01dc19\" data-element_type=\"widget\" data-e-type=\"widget\" data-widget_type=\"image.default\">\n\t\t\t\t<div class=\"elementor-widget-container\">\n\t\t\t\t\t\t\t\t\t\t\t\t\t\t\t<img decoding=\"async\" width=\"75\" height=\"75\" src=\"https:\/\/mechem.com\/wp-content\/uploads\/2021\/06\/Career-75x75-1.png\" class=\"attachment-full size-full wp-image-1057\" alt=\"\" \/>\t\t\t\t\t\t\t\t\t\t\t\t\t\t\t<\/div>\n\t\t\t\t<\/div>\n\t\t\t\t\t<\/div>\n\t\t<\/div>\n\t\t\t\t<div class=\"elementor-column elementor-col-50 elementor-inner-column elementor-element elementor-element-03671b2\" data-id=\"03671b2\" data-element_type=\"column\" data-e-type=\"column\">\n\t\t\t<div class=\"elementor-widget-wrap elementor-element-populated\">\n\t\t\t\t\t\t<div class=\"elementor-element elementor-element-bd3b522 elementor-widget elementor-widget-heading\" data-id=\"bd3b522\" data-element_type=\"widget\" data-e-type=\"widget\" data-widget_type=\"heading.default\">\n\t\t\t\t<div class=\"elementor-widget-container\">\n\t\t\t\t\t<h1 class=\"elementor-heading-title elementor-size-default\">Kariyerler<\/h1>\t\t\t\t<\/div>\n\t\t\t\t<\/div>\n\t\t\t\t<div class=\"elementor-element elementor-element-14164dc elementor-widget elementor-widget-text-editor\" data-id=\"14164dc\" data-element_type=\"widget\" data-e-type=\"widget\" data-widget_type=\"text-editor.default\">\n\t\t\t\t<div class=\"elementor-widget-container\">\n\t\t\t\t\t\t\t\t\t<p>Mechem\u2019da kariyer, kendi giri\u015fimlerinizle \u015fekillenen bir yol \u00e7izer. Stajyerlik, \u00e7\u0131rakl\u0131k, mezuniyet sonras\u0131 kariyer veya profesyonel bir kariyer fark etmeksizin, Mechem\u2019da s\u00fcrd\u00fcr\u00fclebilir b\u00fcy\u00fcmeyi te\u015fvik eden \u00e7al\u0131\u015fanlar\u0131m\u0131zla beraber kariyerinizi \u015fekillendirebilirsiniz.<\/p>\t\t\t\t\t\t\t\t<\/div>\n\t\t\t\t<\/div>\n\t\t\t\t<div class=\"elementor-element elementor-element-5f60d6c elementor-widget elementor-widget-heading\" data-id=\"5f60d6c\" data-element_type=\"widget\" data-e-type=\"widget\" data-widget_type=\"heading.default\">\n\t\t\t\t<div class=\"elementor-widget-container\">\n\t\t\t\t\t<h1 class=\"elementor-heading-title elementor-size-default\">Mezunlar ve \u00dcniversite \u00d6\u011frencileri<\/h1>\t\t\t\t<\/div>\n\t\t\t\t<\/div>\n\t\t\t\t<div class=\"elementor-element elementor-element-08cad22 elementor-widget elementor-widget-text-editor\" data-id=\"08cad22\" data-element_type=\"widget\" data-e-type=\"widget\" data-widget_type=\"text-editor.default\">\n\t\t\t\t<div class=\"elementor-widget-container\">\n\t\t\t\t\t\t\t\t\t<p>\u0130ster ilk i\u015finizi arayan bir mezun, ister h\u0131zl\u0131 b\u00fcy\u00fcyen bir \u015firkette stajyer olmak isteyen bir \u00f6\u011frenci olun, Mechem sizin i\u00e7in do\u011fru adrestir. En h\u0131zl\u0131 b\u00fcy\u00fcyen ticaret firmalar\u0131ndan biri olan Mechem\u2019da arad\u0131\u011f\u0131n\u0131z deneyimi bulacaks\u0131n\u0131z.<\/p>\t\t\t\t\t\t\t\t<\/div>\n\t\t\t\t<\/div>\n\t\t\t\t<div class=\"elementor-element elementor-element-7b4d136 elementor-widget elementor-widget-heading\" data-id=\"7b4d136\" data-element_type=\"widget\" data-e-type=\"widget\" data-widget_type=\"heading.default\">\n\t\t\t\t<div class=\"elementor-widget-container\">\n\t\t\t\t\t<h1 class=\"elementor-heading-title elementor-size-default\">Profesyoneller<\/h1>\t\t\t\t<\/div>\n\t\t\t\t<\/div>\n\t\t\t\t<div class=\"elementor-element elementor-element-3637cd6 elementor-widget elementor-widget-text-editor\" data-id=\"3637cd6\" data-element_type=\"widget\" data-e-type=\"widget\" data-widget_type=\"text-editor.default\">\n\t\t\t\t<div class=\"elementor-widget-container\">\n\t\t\t\t\t\t\t\t\t<p>Hedefimize ula\u015fmak i\u00e7in b\u00fcy\u00fck farklar yaratan bireylere ihtiyac\u0131m\u0131z var. H\u0131zla b\u00fcy\u00fcyen bir \u015firketin par\u00e7as\u0131 olmak ve s\u00fcrd\u00fcr\u00fclebilir b\u00fcy\u00fcmeyi m\u00fcmk\u00fcn h\u00e2le getiren ki\u015filerle \u00e7al\u0131\u015fmak istiyorsan\u0131z Mechem\u2019da arad\u0131\u011f\u0131n\u0131z\u0131 bulacaks\u0131n\u0131z.<\/p>\t\t\t\t\t\t\t\t<\/div>\n\t\t\t\t<\/div>\n\t\t\t\t<div class=\"elementor-element elementor-element-6977965 elementor-widget elementor-widget-heading\" data-id=\"6977965\" data-element_type=\"widget\" data-e-type=\"widget\" data-widget_type=\"heading.default\">\n\t\t\t\t<div class=\"elementor-widget-container\">\n\t\t\t\t\t<h1 class=\"elementor-heading-title elementor-size-default\">\u00c7\u0131rakl\u0131k<\/h1>\t\t\t\t<\/div>\n\t\t\t\t<\/div>\n\t\t\t\t<div class=\"elementor-element elementor-element-9e69a19 elementor-widget elementor-widget-text-editor\" data-id=\"9e69a19\" data-element_type=\"widget\" data-e-type=\"widget\" data-widget_type=\"text-editor.default\">\n\t\t\t\t<div class=\"elementor-widget-container\">\n\t\t\t\t\t\t\t\t\t<p>\u015eirketimizdeki \u00e7\u0131rakl\u0131k program\u0131, kariyerinize ba\u015flamak i\u00e7in ihtiya\u00e7 duydu\u011funuz bilgiyi ve deneyimi size sa\u011flayacak prosed\u00fcrleri ve resmi e\u011fitimi bir arada sunmaktad\u0131r. Kariyer hedeflerinize g\u00f6re farkl\u0131 tipte \u00e7\u0131rakl\u0131k program\u0131 sunmaktay\u0131z.<\/p>\t\t\t\t\t\t\t\t<\/div>\n\t\t\t\t<\/div>\n\t\t\t\t<div class=\"elementor-element elementor-element-2736a3c elementor-widget elementor-widget-heading\" data-id=\"2736a3c\" data-element_type=\"widget\" data-e-type=\"widget\" data-widget_type=\"heading.default\">\n\t\t\t\t<div class=\"elementor-widget-container\">\n\t\t\t\t\t<h1 class=\"elementor-heading-title elementor-size-default\">Mechem\u2019da \u00c7al\u0131\u015fmak<\/h1>\t\t\t\t<\/div>\n\t\t\t\t<\/div>\n\t\t\t\t<div class=\"elementor-element elementor-element-03376d0 elementor-widget elementor-widget-text-editor\" data-id=\"03376d0\" data-element_type=\"widget\" data-e-type=\"widget\" data-widget_type=\"text-editor.default\">\n\t\t\t\t<div class=\"elementor-widget-container\">\n\t\t\t\t\t\t\t\t\t<p>Yetenekli, proaktif, d\u00fcr\u00fcst bir \u015fekilde, de\u011ferlerimizle uygun olarak hedeflerimize ula\u015fmam\u0131za yard\u0131mc\u0131 olacak ki\u015filer ar\u0131yoruz. Fark yarataca\u011f\u0131n\u0131z\u0131 d\u00fc\u015f\u00fcn\u00fcyorsan\u0131z bize CV\u2019nizi g\u00f6nderin.<\/p><p><a href=\"mailto:career@mechem.com\">career@mechem.com<\/a><\/p>\t\t\t\t\t\t\t\t<\/div>\n\t\t\t\t<\/div>\n\t\t\t\t\t<\/div>\n\t\t<\/div>\n\t\t\t\t\t<\/div>\n\t\t<\/section>\n\t\t\t\t<div class=\"elementor-element elementor-element-11396ca elementor-widget elementor-widget-spacer\" data-id=\"11396ca\" data-element_type=\"widget\" data-e-type=\"widget\" data-widget_type=\"spacer.default\">\n\t\t\t\t<div class=\"elementor-widget-container\">\n\t\t\t\t\t\t\t<div class=\"elementor-spacer\">\n\t\t\t<div class=\"elementor-spacer-inner\"><\/div>\n\t\t<\/div>\n\t\t\t\t\t\t<\/div>\n\t\t\t\t<\/div>\n\t\t\t\t\t<\/div>\n\t\t<\/div>\n\t\t\t\t\t<\/div>\n\t\t<\/section>\n\t\t\t\t<\/div>\n\t\t","protected":false},"excerpt":{"rendered":"<p>Kariyerler Mechem\u2019da kariyer, kendi giri\u015fimlerinizle \u015fekillenen bir yol \u00e7izer. Stajyerlik, \u00e7\u0131rakl\u0131k, mezuniyet sonras\u0131 kariyer veya profesyonel bir kariyer fark etmeksizin, Mechem\u2019da s\u00fcrd\u00fcr\u00fclebilir b\u00fcy\u00fcmeyi te\u015fvik eden \u00e7al\u0131\u015fanlar\u0131m\u0131zla beraber kariyerinizi \u015fekillendirebilirsiniz. Mezunlar ve \u00dcniversite \u00d6\u011frencileri \u0130ster ilk i\u015finizi arayan bir mezun, ister h\u0131zl\u0131 b\u00fcy\u00fcyen bir \u015firkette stajyer olmak isteyen bir \u00f6\u011frenci olun, Mechem sizin i\u00e7in do\u011fru adrestir. [&hellip;]<\/p>\n","protected":false},"author":2,"featured_media":0,"parent":0,"menu_order":0,"comment_status":"closed","ping_status":"closed","template":"","meta":{"footnotes":""},"class_list":["post-1108","page","type-page","status-publish","hentry"],"aioseo_notices":[],"_links":{"self":[{"href":"https:\/\/mechem.com\/tr\/wp-json\/wp\/v2\/pages\/1108","targetHints":{"allow":["GET"]}}],"collection":[{"href":"https:\/\/mechem.com\/tr\/wp-json\/wp\/v2\/pages"}],"about":[{"href":"https:\/\/mechem.com\/tr\/wp-json\/wp\/v2\/types\/page"}],"author":[{"embeddable":true,"href":"https:\/\/mechem.com\/tr\/wp-json\/wp\/v2\/users\/2"}],"replies":[{"embeddable":true,"href":"https:\/\/mechem.com\/tr\/wp-json\/wp\/v2\/comments?post=1108"}],"version-history":[{"count":4,"href":"https:\/\/mechem.com\/tr\/wp-json\/wp\/v2\/pages\/1108\/revisions"}],"predecessor-version":[{"id":1112,"href":"https:\/\/mechem.com\/tr\/wp-json\/wp\/v2\/pages\/1108\/revisions\/1112"}],"wp:attachment":[{"href":"https:\/\/mechem.com\/tr\/wp-json\/wp\/v2\/media?parent=1108"}],"curies":[{"name":"wp","href":"https:\/\/api.w.org\/{rel}","templated":true}]}}