{"id":1090,"date":"2021-06-26T20:20:27","date_gmt":"2021-06-26T20:20:27","guid":{"rendered":"https:\/\/mechem.com\/purpose-and-values\/"},"modified":"2021-07-26T09:51:32","modified_gmt":"2021-07-26T09:51:32","slug":"amac-ve-degerler","status":"publish","type":"page","link":"https:\/\/mechem.com\/tr\/amac-ve-degerler\/","title":{"rendered":"Ama\u00e7 ve De\u011ferler"},"content":{"rendered":"\t\t<div data-elementor-type=\"wp-page\" data-elementor-id=\"1090\" class=\"elementor elementor-1090 elementor-133\" data-elementor-post-type=\"page\">\n\t\t\t\t\t\t<section class=\"elementor-section elementor-top-section elementor-element elementor-element-ab85200 elementor-section-boxed elementor-section-height-default elementor-section-height-default\" data-id=\"ab85200\" data-element_type=\"section\" data-e-type=\"section\">\n\t\t\t\t\t\t<div class=\"elementor-container elementor-column-gap-default\">\n\t\t\t\t\t<div class=\"elementor-column elementor-col-50 elementor-top-column elementor-element elementor-element-2db2454\" data-id=\"2db2454\" data-element_type=\"column\" data-e-type=\"column\">\n\t\t\t<div class=\"elementor-widget-wrap elementor-element-populated\">\n\t\t\t\t\t\t<div class=\"elementor-element elementor-element-6e24b0c elementor-widget elementor-widget-image\" data-id=\"6e24b0c\" data-element_type=\"widget\" data-e-type=\"widget\" data-widget_type=\"image.default\">\n\t\t\t\t<div class=\"elementor-widget-container\">\n\t\t\t\t\t\t\t\t\t\t\t\t\t\t\t<img decoding=\"async\" width=\"75\" height=\"75\" src=\"https:\/\/mechem.com\/wp-content\/uploads\/2021\/06\/Purpose-and-Value-75x75-1.png\" class=\"attachment-full size-full wp-image-1005\" alt=\"\" \/>\t\t\t\t\t\t\t\t\t\t\t\t\t\t\t<\/div>\n\t\t\t\t<\/div>\n\t\t\t\t\t<\/div>\n\t\t<\/div>\n\t\t\t\t<div class=\"elementor-column elementor-col-50 elementor-top-column elementor-element elementor-element-666d61e\" data-id=\"666d61e\" data-element_type=\"column\" data-e-type=\"column\">\n\t\t\t<div class=\"elementor-widget-wrap elementor-element-populated\">\n\t\t\t\t\t\t<div class=\"elementor-element elementor-element-e4fdf0f elementor-widget elementor-widget-heading\" data-id=\"e4fdf0f\" data-element_type=\"widget\" data-e-type=\"widget\" data-widget_type=\"heading.default\">\n\t\t\t\t<div class=\"elementor-widget-container\">\n\t\t\t\t\t<h1 class=\"elementor-heading-title elementor-size-default\">Ama\u00e7 ve De\u011ferler<\/h1>\t\t\t\t<\/div>\n\t\t\t\t<\/div>\n\t\t\t\t<div class=\"elementor-element elementor-element-3dc9337 elementor-widget elementor-widget-text-editor\" data-id=\"3dc9337\" data-element_type=\"widget\" data-e-type=\"widget\" data-widget_type=\"text-editor.default\">\n\t\t\t\t<div class=\"elementor-widget-container\">\n\t\t\t\t\t\t\t\t\t<p><span lang=\"TR\">G\u00fcn\u00fcm\u00fczde, k\u00fcresel rekabet ortam\u0131nda Mechem, servis ve g\u00fcvenirlik konular\u0131nda sayg\u0131n bir itibara sahiptir. Geni\u015f tedarik\u00e7i a\u011f\u0131m\u0131z, g\u00fc\u00e7l\u00fc destek servisimiz ve kapsaml\u0131 m\u00fc\u015fteri portf\u00f6y\u00fcm\u00fcz, t\u00fcm m\u00fc\u015fterilerimizin faydalanabilece\u011fi bir yap\u0131y\u0131 ortaya koymaktad\u0131r. De\u011ferlerimiz, davran\u0131\u015flar\u0131m\u0131z\u0131n ve \u00e7al\u0131\u015fma \u015feklimizin temelini olu\u015fturmaktad\u0131r.<\/span><\/p><p><span style=\"color: var( --e-global-color-text ); font-family: var( --e-global-typography-text-font-family ), Sans-serif; font-weight: var( --e-global-typography-text-font-weight );\">Yapt\u0131\u011f\u0131m\u0131z her i\u015fin odak noktas\u0131nda m\u00fc\u015fteri bulunmaktad\u0131r.<\/span><\/p><p><span style=\"color: var( --e-global-color-text ); font-family: var( --e-global-typography-text-font-family ), Sans-serif; font-weight: var( --e-global-typography-text-font-weight );\">En \u00f6nemli \u00f6nceli\u011fimiz m\u00fc\u015fterilerimiz i\u00e7in de\u011fer \u00fcretmek, onlar\u0131n beklentilerine h\u0131zl\u0131 bir \u015fekilde yan\u0131t vermektir. \u00dcr\u00fcnlerimizin sorumlulu\u011funu almak g\u00f6revimizdir. Hem bireysel hem kolektif hedeflerimize ula\u015fma y\u00f6n\u00fcnde m\u00fckemmel bir performans standard\u0131n\u0131 s\u00fcrd\u00fcrmeyi taahh\u00fct ediyor ve her zaman g\u00fc\u00e7l\u00fc bir sorumluluk anlay\u0131\u015f\u0131n\u0131 benimsiyoruz.<\/span><\/p><p><span style=\"color: var( --e-global-color-text ); font-family: var( --e-global-typography-text-font-family ), Sans-serif; font-weight: var( --e-global-typography-text-font-weight );\">En \u00f6nemli sermayemiz \u00e7al\u0131\u015fanlar\u0131m\u0131zd\u0131r.<\/span><\/p><p><span style=\"color: var( --e-global-color-text ); font-family: var( --e-global-typography-text-font-family ), Sans-serif; font-weight: var( --e-global-typography-text-font-weight );\">\u00dcr\u00fcnlerimizin ve hizmetlerimizin kalitesi, \u00e7al\u0131\u015fanlar\u0131m\u0131z\u0131n kalitesine dayanmaktad\u0131r. Grubumuzun ba\u015far\u0131s\u0131 i\u00e7in en iyileri i\u015fe al\u0131yor, onlar\u0131 destekliyor ve onlar\u0131n geli\u015fimi i\u00e7in f\u0131rsatlar yarat\u0131yoruz. Yetenekli \u00e7al\u0131\u015fanlar\u0131m\u0131z\u0131n yarat\u0131c\u0131l\u0131klar\u0131ndan ve g\u00fc\u00e7l\u00fc y\u00f6nlerinden faydalanmak i\u00e7in s\u00fcrekli geli\u015fimi, ekip \u00e7al\u0131\u015fmas\u0131n\u0131 ve yetkilendirmeyi te\u015fvik eden bir \u00e7al\u0131\u015fma ortam\u0131 yarat\u0131yoruz. Deneyimden ve yap\u0131lan yanl\u0131\u015flardan ders \u00e7\u0131karmak amac\u0131yla bireysel geli\u015fimi ve iyile\u015fmeyi te\u015fvik ediyoruz.<\/span><\/p><p><span style=\"color: var( --e-global-color-text ); font-family: var( --e-global-typography-text-font-family ), Sans-serif; font-weight: var( --e-global-typography-text-font-weight );\">D\u00fcr\u00fcstl\u00fck, b\u00fct\u00fcnl\u00fck ve i\u015f ahlak\u0131, davran\u0131\u015f\u0131m\u0131z\u0131n temellerini olu\u015fturmaktad\u0131r.<\/span><\/p><p><span style=\"color: var( --e-global-color-text ); font-family: var( --e-global-typography-text-font-family ), Sans-serif; font-weight: var( --e-global-typography-text-font-weight );\">\u0130\u015f yapma \u015feklimiz, t\u00fcm ili\u015fkilerimizde arad\u0131\u011f\u0131m\u0131z iyi niyeti, kar\u015f\u0131l\u0131kl\u0131 fayday\u0131 ve adil davran\u0131\u015f\u0131 yans\u0131tmaktad\u0131r. Ba\u015far\u0131n\u0131n \u00f6n ko\u015fulu olarak \u00e7e\u015fitlili\u011fe sayg\u0131 duyuyor ve bunu takdir ediyoruz. Grubun s\u00fcrekli menfaati i\u00e7in her zaman do\u011fruluk ve d\u00fcr\u00fcstl\u00fckle hareket ediyoruz. \u0130nsanlara, olaylara ve ya\u015fam kar\u015f\u0131 pozitif yakla\u015f\u0131m\u0131 savunuyoruz.<\/span><\/p>\t\t\t\t\t\t\t\t<\/div>\n\t\t\t\t<\/div>\n\t\t\t\t\t<\/div>\n\t\t<\/div>\n\t\t\t\t\t<\/div>\n\t\t<\/section>\n\t\t\t\t<\/div>\n\t\t","protected":false},"excerpt":{"rendered":"<p>Ama\u00e7 ve De\u011ferler G\u00fcn\u00fcm\u00fczde, k\u00fcresel rekabet ortam\u0131nda Mechem, servis ve g\u00fcvenirlik konular\u0131nda sayg\u0131n bir itibara sahiptir. Geni\u015f tedarik\u00e7i a\u011f\u0131m\u0131z, g\u00fc\u00e7l\u00fc destek servisimiz ve kapsaml\u0131 m\u00fc\u015fteri portf\u00f6y\u00fcm\u00fcz, t\u00fcm m\u00fc\u015fterilerimizin faydalanabilece\u011fi bir yap\u0131y\u0131 ortaya koymaktad\u0131r. De\u011ferlerimiz, davran\u0131\u015flar\u0131m\u0131z\u0131n ve \u00e7al\u0131\u015fma \u015feklimizin temelini olu\u015fturmaktad\u0131r. Yapt\u0131\u011f\u0131m\u0131z her i\u015fin odak noktas\u0131nda m\u00fc\u015fteri bulunmaktad\u0131r. En \u00f6nemli \u00f6nceli\u011fimiz m\u00fc\u015fterilerimiz i\u00e7in de\u011fer \u00fcretmek, onlar\u0131n [&hellip;]<\/p>\n","protected":false},"author":2,"featured_media":920,"parent":0,"menu_order":0,"comment_status":"closed","ping_status":"closed","template":"","meta":{"footnotes":""},"class_list":["post-1090","page","type-page","status-publish","has-post-thumbnail","hentry"],"aioseo_notices":[],"_links":{"self":[{"href":"https:\/\/mechem.com\/tr\/wp-json\/wp\/v2\/pages\/1090","targetHints":{"allow":["GET"]}}],"collection":[{"href":"https:\/\/mechem.com\/tr\/wp-json\/wp\/v2\/pages"}],"about":[{"href":"https:\/\/mechem.com\/tr\/wp-json\/wp\/v2\/types\/page"}],"author":[{"embeddable":true,"href":"https:\/\/mechem.com\/tr\/wp-json\/wp\/v2\/users\/2"}],"replies":[{"embeddable":true,"href":"https:\/\/mechem.com\/tr\/wp-json\/wp\/v2\/comments?post=1090"}],"version-history":[{"count":7,"href":"https:\/\/mechem.com\/tr\/wp-json\/wp\/v2\/pages\/1090\/revisions"}],"predecessor-version":[{"id":1097,"href":"https:\/\/mechem.com\/tr\/wp-json\/wp\/v2\/pages\/1090\/revisions\/1097"}],"wp:featuredmedia":[{"embeddable":true,"href":"https:\/\/mechem.com\/tr\/wp-json\/wp\/v2\/media\/920"}],"wp:attachment":[{"href":"https:\/\/mechem.com\/tr\/wp-json\/wp\/v2\/media?parent=1090"}],"curies":[{"name":"wp","href":"https:\/\/api.w.org\/{rel}","templated":true}]}}