{"id":1613,"date":"2021-06-26T20:20:27","date_gmt":"2021-06-26T20:20:27","guid":{"rendered":"https:\/\/mechem.com\/purpose-and-values\/"},"modified":"2021-08-27T10:23:02","modified_gmt":"2021-08-27T10:23:02","slug":"obiettivo-e-valori","status":"publish","type":"page","link":"https:\/\/mechem.com\/it\/obiettivo-e-valori\/","title":{"rendered":"Obiettivo e valori"},"content":{"rendered":"\t\t<div data-elementor-type=\"wp-page\" data-elementor-id=\"1613\" class=\"elementor elementor-1613 elementor-133\" data-elementor-post-type=\"page\">\n\t\t\t\t\t\t<section class=\"elementor-section elementor-top-section elementor-element elementor-element-ab85200 elementor-section-boxed elementor-section-height-default elementor-section-height-default\" data-id=\"ab85200\" data-element_type=\"section\" data-e-type=\"section\">\n\t\t\t\t\t\t<div class=\"elementor-container elementor-column-gap-default\">\n\t\t\t\t\t<div class=\"elementor-column elementor-col-50 elementor-top-column elementor-element elementor-element-2db2454\" data-id=\"2db2454\" data-element_type=\"column\" data-e-type=\"column\">\n\t\t\t<div class=\"elementor-widget-wrap elementor-element-populated\">\n\t\t\t\t\t\t<div class=\"elementor-element elementor-element-6e24b0c elementor-widget elementor-widget-image\" data-id=\"6e24b0c\" data-element_type=\"widget\" data-e-type=\"widget\" data-widget_type=\"image.default\">\n\t\t\t\t<div class=\"elementor-widget-container\">\n\t\t\t\t\t\t\t\t\t\t\t\t\t\t\t<img decoding=\"async\" width=\"75\" height=\"75\" src=\"https:\/\/mechem.com\/wp-content\/uploads\/2021\/06\/Purpose-and-Value-75x75-1.png\" class=\"attachment-full size-full wp-image-1003\" alt=\"\" \/>\t\t\t\t\t\t\t\t\t\t\t\t\t\t\t<\/div>\n\t\t\t\t<\/div>\n\t\t\t\t\t<\/div>\n\t\t<\/div>\n\t\t\t\t<div class=\"elementor-column elementor-col-50 elementor-top-column elementor-element elementor-element-666d61e\" data-id=\"666d61e\" data-element_type=\"column\" data-e-type=\"column\">\n\t\t\t<div class=\"elementor-widget-wrap elementor-element-populated\">\n\t\t\t\t\t\t<div class=\"elementor-element elementor-element-e4fdf0f elementor-widget elementor-widget-heading\" data-id=\"e4fdf0f\" data-element_type=\"widget\" data-e-type=\"widget\" data-widget_type=\"heading.default\">\n\t\t\t\t<div class=\"elementor-widget-container\">\n\t\t\t\t\t<h1 class=\"elementor-heading-title elementor-size-default\">Obiettivo e valori<\/h1>\t\t\t\t<\/div>\n\t\t\t\t<\/div>\n\t\t\t\t<div class=\"elementor-element elementor-element-3dc9337 elementor-widget elementor-widget-text-editor\" data-id=\"3dc9337\" data-element_type=\"widget\" data-e-type=\"widget\" data-widget_type=\"text-editor.default\">\n\t\t\t\t<div class=\"elementor-widget-container\">\n\t\t\t\t\t\t\t\t\t<p>Nel mercato odierno, caratterizzato da una concorrenza globalizzata, Mechem ha sviluppato un\u2019ottima reputazione in quanto a servizi e affidabilit\u00e0. La nostra ampia rete di fornitori, efficienti servizi di assistenza e vasta gamma di clienti offre un contesto di cui beneficia tutta la nostra clientela. I nostri valori sono alla base della nostra condotta e del nostro modo di lavorare.<br \/><br \/>Il cliente \u00e8 il fulcro di tutto quello che facciamo.<br \/><br \/>La nostra priorit\u00e0 \u00e8 creare valore per i nostri clienti, al fine di rispondere costantemente alle loro aspettative. \u00c8 nostro dovere assumerci la responsabilit\u00e0 dei nostri prodotti. Ci impegniamo ad assicurare un eccezionale livello di prestazioni, sia individuali che collettive, per raggiungere il nostro obiettivo, e a dimostrare sempre un forte senso di responsabilit\u00e0.<br \/><br \/>Il capitale pi\u00f9 importante che possediamo \u00e8 rappresentato dalle persone.<br \/><br \/>La qualit\u00e0 dei nostri prodotti e servizi si basa sulla qualit\u00e0 delle nostre persone. Per il successo del nostro gruppo, reclutiamo i migliori, li manteniamo con noi e offriamo loro opportunit\u00e0 di crescita. Al fine di sfruttare la creativit\u00e0 e la forza dei nostri talenti, creiamo un ambiente di lavoro che incoraggia continuamente il miglioramento, il lavoro di squadra e l\u2019autonomia. Promuoviamo costantemente lo sviluppo e il miglioramento personale attraverso la disponibilit\u00e0 dei singoli a imparare dall\u2019esperienza e dagli errori<br \/><br \/>Onest\u00e0, integrit\u00e0, rispetto ed etica professionale sono alla base della nostra condotta.<br \/><br \/>La nostra attivit\u00e0 \u00e8 portata avanti con buona volont\u00e0, vantaggi reciproci e un trattamento equo in tutti i rapporti. Come presupposto per il successo, rispettiamo e apprezziamo la diversit\u00e0. Agiamo sempre con integrit\u00e0 e onest\u00e0 nell\u2019interesse del gruppo. Promuoviamo un approccio positivo alle persone, agli eventi e alla vita.<\/p>\t\t\t\t\t\t\t\t<\/div>\n\t\t\t\t<\/div>\n\t\t\t\t\t<\/div>\n\t\t<\/div>\n\t\t\t\t\t<\/div>\n\t\t<\/section>\n\t\t\t\t<\/div>\n\t\t","protected":false},"excerpt":{"rendered":"<p>Obiettivo e valori Nel mercato odierno, caratterizzato da una concorrenza globalizzata, Mechem ha sviluppato un\u2019ottima reputazione in quanto a servizi e affidabilit\u00e0. La nostra ampia rete di fornitori, efficienti servizi di assistenza e vasta gamma di clienti offre un contesto di cui beneficia tutta la nostra clientela. I nostri valori sono alla base della nostra [&hellip;]<\/p>\n","protected":false},"author":2,"featured_media":987,"parent":0,"menu_order":0,"comment_status":"closed","ping_status":"closed","template":"","meta":{"footnotes":""},"class_list":["post-1613","page","type-page","status-publish","has-post-thumbnail","hentry"],"aioseo_notices":[],"_links":{"self":[{"href":"https:\/\/mechem.com\/it\/wp-json\/wp\/v2\/pages\/1613","targetHints":{"allow":["GET"]}}],"collection":[{"href":"https:\/\/mechem.com\/it\/wp-json\/wp\/v2\/pages"}],"about":[{"href":"https:\/\/mechem.com\/it\/wp-json\/wp\/v2\/types\/page"}],"author":[{"embeddable":true,"href":"https:\/\/mechem.com\/it\/wp-json\/wp\/v2\/users\/2"}],"replies":[{"embeddable":true,"href":"https:\/\/mechem.com\/it\/wp-json\/wp\/v2\/comments?post=1613"}],"version-history":[{"count":4,"href":"https:\/\/mechem.com\/it\/wp-json\/wp\/v2\/pages\/1613\/revisions"}],"predecessor-version":[{"id":1617,"href":"https:\/\/mechem.com\/it\/wp-json\/wp\/v2\/pages\/1613\/revisions\/1617"}],"wp:featuredmedia":[{"embeddable":true,"href":"https:\/\/mechem.com\/it\/wp-json\/wp\/v2\/media\/987"}],"wp:attachment":[{"href":"https:\/\/mechem.com\/it\/wp-json\/wp\/v2\/media?parent=1613"}],"curies":[{"name":"wp","href":"https:\/\/api.w.org\/{rel}","templated":true}]}}