{"id":1398,"date":"2021-06-27T08:14:46","date_gmt":"2021-06-27T08:14:46","guid":{"rendered":"https:\/\/mechem.com\/contact-to-our-team\/"},"modified":"2021-08-26T17:48:15","modified_gmt":"2021-08-26T17:48:15","slug":"contacter-notre-equipe","status":"publish","type":"page","link":"https:\/\/mechem.com\/fr\/contacter-notre-equipe\/","title":{"rendered":"Contacter notre \u00e9quipe"},"content":{"rendered":"\t\t<div data-elementor-type=\"wp-page\" data-elementor-id=\"1398\" class=\"elementor elementor-1398 elementor-281\" data-elementor-post-type=\"page\">\n\t\t\t\t\t\t<section class=\"elementor-section elementor-top-section elementor-element elementor-element-0af87d9 elementor-section-boxed elementor-section-height-default elementor-section-height-default\" data-id=\"0af87d9\" data-element_type=\"section\" data-e-type=\"section\">\n\t\t\t\t\t\t<div class=\"elementor-container elementor-column-gap-default\">\n\t\t\t\t\t<div class=\"elementor-column elementor-col-50 elementor-top-column elementor-element elementor-element-278b274\" data-id=\"278b274\" data-element_type=\"column\" data-e-type=\"column\">\n\t\t\t<div class=\"elementor-widget-wrap elementor-element-populated\">\n\t\t\t\t\t\t<div class=\"elementor-element elementor-element-4d5af5c elementor-widget elementor-widget-image\" data-id=\"4d5af5c\" data-element_type=\"widget\" data-e-type=\"widget\" data-widget_type=\"image.default\">\n\t\t\t\t<div class=\"elementor-widget-container\">\n\t\t\t\t\t\t\t\t\t\t\t\t\t\t\t<img decoding=\"async\" width=\"75\" height=\"75\" src=\"https:\/\/mechem.com\/wp-content\/uploads\/2021\/06\/iletisim2-75x75-1.png\" class=\"attachment-large size-large wp-image-1058\" alt=\"\" \/>\t\t\t\t\t\t\t\t\t\t\t\t\t\t\t<\/div>\n\t\t\t\t<\/div>\n\t\t\t\t\t<\/div>\n\t\t<\/div>\n\t\t\t\t<div class=\"elementor-column elementor-col-50 elementor-top-column elementor-element elementor-element-12b3bcd\" data-id=\"12b3bcd\" data-element_type=\"column\" data-e-type=\"column\">\n\t\t\t<div class=\"elementor-widget-wrap elementor-element-populated\">\n\t\t\t\t\t\t<div class=\"elementor-element elementor-element-7f68acb elementor-widget elementor-widget-heading\" data-id=\"7f68acb\" data-element_type=\"widget\" data-e-type=\"widget\" data-widget_type=\"heading.default\">\n\t\t\t\t<div class=\"elementor-widget-container\">\n\t\t\t\t\t<h1 class=\"elementor-heading-title elementor-size-default\">Contacter notre \u00e9quipe<\/h1>\t\t\t\t<\/div>\n\t\t\t\t<\/div>\n\t\t\t\t<div class=\"elementor-element elementor-element-6ae1600 elementor-widget elementor-widget-text-editor\" data-id=\"6ae1600\" data-element_type=\"widget\" data-e-type=\"widget\" data-widget_type=\"text-editor.default\">\n\t\t\t\t<div class=\"elementor-widget-container\">\n\t\t\t\t\t\t\t\t\t<p>Les employ\u00e9s et les cadres sup\u00e9rieurs de Mechem ont fait leurs preuves en mati\u00e8re de concurrence dans des environnements difficiles et de cr\u00e9ation de valeur pour les parties prenantes tout au long de la cha\u00eene d&rsquo;approvisionnement.<\/p><p>Gr\u00e2ce \u00e0 des formations et des exp\u00e9riences professionnelles vari\u00e9es acquises dans de grandes entreprises ou des usines de fabrication, nous disposons des talents appropri\u00e9s pour comprendre les exigences du march\u00e9 et les besoins des clients et faire \u00e9voluer Mechem de mani\u00e8re durable.<\/p><p>Informations : <a href=\"mailto:info@mechem.com\">info@mechem.com<\/a><\/p>\t\t\t\t\t\t\t\t<\/div>\n\t\t\t\t<\/div>\n\t\t\t\t\t<\/div>\n\t\t<\/div>\n\t\t\t\t\t<\/div>\n\t\t<\/section>\n\t\t\t\t<\/div>\n\t\t","protected":false},"excerpt":{"rendered":"<p>Contacter notre \u00e9quipe Les employ\u00e9s et les cadres sup\u00e9rieurs de Mechem ont fait leurs preuves en mati\u00e8re de concurrence dans des environnements difficiles et de cr\u00e9ation de valeur pour les parties prenantes tout au long de la cha\u00eene d&rsquo;approvisionnement. Gr\u00e2ce \u00e0 des formations et des exp\u00e9riences professionnelles vari\u00e9es acquises dans de grandes entreprises ou des [&hellip;]<\/p>\n","protected":false},"author":2,"featured_media":986,"parent":0,"menu_order":0,"comment_status":"closed","ping_status":"closed","template":"","meta":{"footnotes":""},"class_list":["post-1398","page","type-page","status-publish","has-post-thumbnail","hentry"],"aioseo_notices":[],"_links":{"self":[{"href":"https:\/\/mechem.com\/fr\/wp-json\/wp\/v2\/pages\/1398","targetHints":{"allow":["GET"]}}],"collection":[{"href":"https:\/\/mechem.com\/fr\/wp-json\/wp\/v2\/pages"}],"about":[{"href":"https:\/\/mechem.com\/fr\/wp-json\/wp\/v2\/types\/page"}],"author":[{"embeddable":true,"href":"https:\/\/mechem.com\/fr\/wp-json\/wp\/v2\/users\/2"}],"replies":[{"embeddable":true,"href":"https:\/\/mechem.com\/fr\/wp-json\/wp\/v2\/comments?post=1398"}],"version-history":[{"count":4,"href":"https:\/\/mechem.com\/fr\/wp-json\/wp\/v2\/pages\/1398\/revisions"}],"predecessor-version":[{"id":1402,"href":"https:\/\/mechem.com\/fr\/wp-json\/wp\/v2\/pages\/1398\/revisions\/1402"}],"wp:featuredmedia":[{"embeddable":true,"href":"https:\/\/mechem.com\/fr\/wp-json\/wp\/v2\/media\/986"}],"wp:attachment":[{"href":"https:\/\/mechem.com\/fr\/wp-json\/wp\/v2\/media?parent=1398"}],"curies":[{"name":"wp","href":"https:\/\/api.w.org\/{rel}","templated":true}]}}