{"id":1390,"date":"2021-06-27T07:16:44","date_gmt":"2021-06-27T07:16:44","guid":{"rendered":"https:\/\/mechem.com\/careers\/"},"modified":"2021-08-26T17:16:48","modified_gmt":"2021-08-26T17:16:48","slug":"carrieres","status":"publish","type":"page","link":"https:\/\/mechem.com\/fr\/carrieres\/","title":{"rendered":"Carri\u00e8res"},"content":{"rendered":"\t\t<div data-elementor-type=\"wp-page\" data-elementor-id=\"1390\" class=\"elementor elementor-1390 elementor-222\" data-elementor-post-type=\"page\">\n\t\t\t\t\t\t<section class=\"elementor-section elementor-top-section elementor-element elementor-element-9b077a8 elementor-section-full_width elementor-section-height-default elementor-section-height-default\" data-id=\"9b077a8\" data-element_type=\"section\">\n\t\t\t\t\t\t<div class=\"elementor-container elementor-column-gap-no\">\n\t\t\t\t\t<div class=\"elementor-column elementor-col-100 elementor-top-column elementor-element elementor-element-34ce99b\" data-id=\"34ce99b\" data-element_type=\"column\">\n\t\t\t<div class=\"elementor-widget-wrap elementor-element-populated\">\n\t\t\t\t\t\t<div class=\"elementor-element elementor-element-e5fcaa5 elementor-widget elementor-widget-image\" data-id=\"e5fcaa5\" data-element_type=\"widget\" data-widget_type=\"image.default\">\n\t\t\t\t<div class=\"elementor-widget-container\">\n\t\t\t\t\t\t\t\t\t\t\t\t\t\t\t<img fetchpriority=\"high\" decoding=\"async\" width=\"1670\" height=\"300\" src=\"https:\/\/mechem.com\/wp-content\/uploads\/2021\/06\/mechem-slider-banner.jpg\" class=\"attachment-full size-full wp-image-986\" alt=\"\" srcset=\"https:\/\/mechem.com\/wp-content\/uploads\/2021\/06\/mechem-slider-banner.jpg 1670w, https:\/\/mechem.com\/wp-content\/uploads\/2021\/06\/mechem-slider-banner-300x54.jpg 300w, https:\/\/mechem.com\/wp-content\/uploads\/2021\/06\/mechem-slider-banner-1024x184.jpg 1024w, https:\/\/mechem.com\/wp-content\/uploads\/2021\/06\/mechem-slider-banner-768x138.jpg 768w, https:\/\/mechem.com\/wp-content\/uploads\/2021\/06\/mechem-slider-banner-1536x276.jpg 1536w\" sizes=\"(max-width: 1670px) 100vw, 1670px\" \/>\t\t\t\t\t\t\t\t\t\t\t\t\t\t\t<\/div>\n\t\t\t\t<\/div>\n\t\t\t\t\t<\/div>\n\t\t<\/div>\n\t\t\t\t\t<\/div>\n\t\t<\/section>\n\t\t\t\t<section class=\"elementor-section elementor-top-section elementor-element elementor-element-2e5ac84 elementor-section-boxed elementor-section-height-default elementor-section-height-default\" data-id=\"2e5ac84\" data-element_type=\"section\">\n\t\t\t\t\t\t<div class=\"elementor-container elementor-column-gap-default\">\n\t\t\t\t\t<div class=\"elementor-column elementor-col-100 elementor-top-column elementor-element elementor-element-89173a4\" data-id=\"89173a4\" data-element_type=\"column\">\n\t\t\t<div class=\"elementor-widget-wrap elementor-element-populated\">\n\t\t\t\t\t\t<div class=\"elementor-element elementor-element-e21c448 elementor-widget elementor-widget-spacer\" data-id=\"e21c448\" data-element_type=\"widget\" data-widget_type=\"spacer.default\">\n\t\t\t\t<div class=\"elementor-widget-container\">\n\t\t\t\t\t\t\t<div class=\"elementor-spacer\">\n\t\t\t<div class=\"elementor-spacer-inner\"><\/div>\n\t\t<\/div>\n\t\t\t\t\t\t<\/div>\n\t\t\t\t<\/div>\n\t\t\t\t<section class=\"elementor-section elementor-inner-section elementor-element elementor-element-58d9086 elementor-section-boxed elementor-section-height-default elementor-section-height-default\" data-id=\"58d9086\" data-element_type=\"section\">\n\t\t\t\t\t\t<div class=\"elementor-container elementor-column-gap-default\">\n\t\t\t\t\t<div class=\"elementor-column elementor-col-50 elementor-inner-column elementor-element elementor-element-cc8770e\" data-id=\"cc8770e\" data-element_type=\"column\">\n\t\t\t<div class=\"elementor-widget-wrap elementor-element-populated\">\n\t\t\t\t\t\t<div class=\"elementor-element elementor-element-e01dc19 elementor-widget elementor-widget-image\" data-id=\"e01dc19\" data-element_type=\"widget\" data-widget_type=\"image.default\">\n\t\t\t\t<div class=\"elementor-widget-container\">\n\t\t\t\t\t\t\t\t\t\t\t\t\t\t\t<img decoding=\"async\" width=\"75\" height=\"75\" src=\"https:\/\/mechem.com\/wp-content\/uploads\/2021\/06\/Career-75x75-1.png\" class=\"attachment-full size-full wp-image-1054\" alt=\"\" \/>\t\t\t\t\t\t\t\t\t\t\t\t\t\t\t<\/div>\n\t\t\t\t<\/div>\n\t\t\t\t\t<\/div>\n\t\t<\/div>\n\t\t\t\t<div class=\"elementor-column elementor-col-50 elementor-inner-column elementor-element elementor-element-03671b2\" data-id=\"03671b2\" data-element_type=\"column\">\n\t\t\t<div class=\"elementor-widget-wrap elementor-element-populated\">\n\t\t\t\t\t\t<div class=\"elementor-element elementor-element-bd3b522 elementor-widget elementor-widget-heading\" data-id=\"bd3b522\" data-element_type=\"widget\" data-widget_type=\"heading.default\">\n\t\t\t\t<div class=\"elementor-widget-container\">\n\t\t\t\t\t<h1 class=\"elementor-heading-title elementor-size-default\">Carri\u00e8res<\/h1>\t\t\t\t<\/div>\n\t\t\t\t<\/div>\n\t\t\t\t<div class=\"elementor-element elementor-element-14164dc elementor-widget elementor-widget-text-editor\" data-id=\"14164dc\" data-element_type=\"widget\" data-widget_type=\"text-editor.default\">\n\t\t\t\t<div class=\"elementor-widget-container\">\n\t\t\t\t\t\t\t\t\t<p>Un emploi de n\u00e9gociant chez Mechem est un parcours professionnel fa\u00e7onn\u00e9 directement par vos propres initiatives. Que vous soyez \u00e0 la recherche d&rsquo;un stage, d&rsquo;un apprentissage, d&rsquo;opportunit\u00e9s pour les dipl\u00f4m\u00e9s ou d&rsquo;une ouverture pour faire progresser votre carri\u00e8re professionnelle, chez Mechem, vous pouvez fa\u00e7onner votre propre chemin en travaillant avec des personnes qui sont le moteur de la croissance durable de notre entreprise.<\/p>\t\t\t\t\t\t\t\t<\/div>\n\t\t\t\t<\/div>\n\t\t\t\t<div class=\"elementor-element elementor-element-5f60d6c elementor-widget elementor-widget-heading\" data-id=\"5f60d6c\" data-element_type=\"widget\" data-widget_type=\"heading.default\">\n\t\t\t\t<div class=\"elementor-widget-container\">\n\t\t\t\t\t<h1 class=\"elementor-heading-title elementor-size-default\">Dipl\u00f4m\u00e9s et \u00e9tudiants de premier cycle<\/h1>\t\t\t\t<\/div>\n\t\t\t\t<\/div>\n\t\t\t\t<div class=\"elementor-element elementor-element-08cad22 elementor-widget elementor-widget-text-editor\" data-id=\"08cad22\" data-element_type=\"widget\" data-widget_type=\"text-editor.default\">\n\t\t\t\t<div class=\"elementor-widget-container\">\n\t\t\t\t\t\t\t\t\t<p>Que vous soyez un dipl\u00f4m\u00e9 \u00e0 la recherche de votre premier emploi ou un \u00e9tudiant \u00e0 la recherche d&rsquo;un stage pratique dans une entreprise commerciale en pleine croissance, Mechem est fait pour vous. Chez Mechem, vous acquerrez de l&rsquo;exp\u00e9rience au sein de l&rsquo;une des soci\u00e9t\u00e9s commerciales \u00e0 la croissance la plus rapide.<\/p>\t\t\t\t\t\t\t\t<\/div>\n\t\t\t\t<\/div>\n\t\t\t\t<div class=\"elementor-element elementor-element-7b4d136 elementor-widget elementor-widget-heading\" data-id=\"7b4d136\" data-element_type=\"widget\" data-widget_type=\"heading.default\">\n\t\t\t\t<div class=\"elementor-widget-container\">\n\t\t\t\t\t<h1 class=\"elementor-heading-title elementor-size-default\">Professionnels<\/h1>\t\t\t\t<\/div>\n\t\t\t\t<\/div>\n\t\t\t\t<div class=\"elementor-element elementor-element-3637cd6 elementor-widget elementor-widget-text-editor\" data-id=\"3637cd6\" data-element_type=\"widget\" data-widget_type=\"text-editor.default\">\n\t\t\t\t<div class=\"elementor-widget-container\">\n\t\t\t\t\t\t\t\t\t<p>Pour r\u00e9aliser notre ambition, ce sont nos collaborateurs qui feront la grande diff\u00e9rence. Si vous souhaitez faire partie d&rsquo;une soci\u00e9t\u00e9 commerciale en pleine expansion, mener votre propre carri\u00e8re et travailler avec des personnes talentueuses pour administrer une croissance durable, alors Mechem est l&rsquo;endroit id\u00e9al pour vous.<\/p>\t\t\t\t\t\t\t\t<\/div>\n\t\t\t\t<\/div>\n\t\t\t\t<div class=\"elementor-element elementor-element-6977965 elementor-widget elementor-widget-heading\" data-id=\"6977965\" data-element_type=\"widget\" data-widget_type=\"heading.default\">\n\t\t\t\t<div class=\"elementor-widget-container\">\n\t\t\t\t\t<h1 class=\"elementor-heading-title elementor-size-default\">Apprentissage<\/h1>\t\t\t\t<\/div>\n\t\t\t\t<\/div>\n\t\t\t\t<div class=\"elementor-element elementor-element-9e69a19 elementor-widget elementor-widget-text-editor\" data-id=\"9e69a19\" data-element_type=\"widget\" data-widget_type=\"text-editor.default\">\n\t\t\t\t<div class=\"elementor-widget-container\">\n\t\t\t\t\t\t\t\t\t<p>Les apprentissages dans notre entreprise combinent l&rsquo;exp\u00e9rience sur le tas et la formation formelle pour vous donner les connaissances et l&rsquo;exp\u00e9rience n\u00e9cessaires pour d\u00e9marrer votre carri\u00e8re. Nous proposons de nombreux types d&rsquo;apprentissages diff\u00e9rents en fonction de vos ambitions professionnelles.<\/p>\t\t\t\t\t\t\t\t<\/div>\n\t\t\t\t<\/div>\n\t\t\t\t<div class=\"elementor-element elementor-element-2736a3c elementor-widget elementor-widget-heading\" data-id=\"2736a3c\" data-element_type=\"widget\" data-widget_type=\"heading.default\">\n\t\t\t\t<div class=\"elementor-widget-container\">\n\t\t\t\t\t<h1 class=\"elementor-heading-title elementor-size-default\">Travailler pour Mechem<\/h1>\t\t\t\t<\/div>\n\t\t\t\t<\/div>\n\t\t\t\t<div class=\"elementor-element elementor-element-03376d0 elementor-widget elementor-widget-text-editor\" data-id=\"03376d0\" data-element_type=\"widget\" data-widget_type=\"text-editor.default\">\n\t\t\t\t<div class=\"elementor-widget-container\">\n\t\t\t\t\t\t\t\t\t<p>Nous sommes toujours int\u00e9ress\u00e9s par des personnes talentueuses, proactives et int\u00e8gres qui vivront en accord avec nos valeurs et nous aideront \u00e0 administrer nos ambitions. Si cela vous convient, envoyez-nous votre CV.<\/p><p><a href=\"mailto:career@mechem.com\">career@mechem.com<\/a><\/p>\t\t\t\t\t\t\t\t<\/div>\n\t\t\t\t<\/div>\n\t\t\t\t\t<\/div>\n\t\t<\/div>\n\t\t\t\t\t<\/div>\n\t\t<\/section>\n\t\t\t\t<div class=\"elementor-element elementor-element-11396ca elementor-widget elementor-widget-spacer\" data-id=\"11396ca\" data-element_type=\"widget\" data-widget_type=\"spacer.default\">\n\t\t\t\t<div class=\"elementor-widget-container\">\n\t\t\t\t\t\t\t<div class=\"elementor-spacer\">\n\t\t\t<div class=\"elementor-spacer-inner\"><\/div>\n\t\t<\/div>\n\t\t\t\t\t\t<\/div>\n\t\t\t\t<\/div>\n\t\t\t\t\t<\/div>\n\t\t<\/div>\n\t\t\t\t\t<\/div>\n\t\t<\/section>\n\t\t\t\t<\/div>\n\t\t","protected":false},"excerpt":{"rendered":"<p>Carri\u00e8res Un emploi de n\u00e9gociant chez Mechem est un parcours professionnel fa\u00e7onn\u00e9 directement par vos propres initiatives. Que vous soyez \u00e0 la recherche d&rsquo;un stage, d&rsquo;un apprentissage, d&rsquo;opportunit\u00e9s pour les dipl\u00f4m\u00e9s ou d&rsquo;une ouverture pour faire progresser votre carri\u00e8re professionnelle, chez Mechem, vous pouvez fa\u00e7onner votre propre chemin en travaillant avec des personnes qui sont [&hellip;]<\/p>\n","protected":false},"author":2,"featured_media":0,"parent":0,"menu_order":0,"comment_status":"closed","ping_status":"closed","template":"","meta":{"footnotes":""},"class_list":["post-1390","page","type-page","status-publish","hentry"],"aioseo_notices":[],"_links":{"self":[{"href":"https:\/\/mechem.com\/fr\/wp-json\/wp\/v2\/pages\/1390","targetHints":{"allow":["GET"]}}],"collection":[{"href":"https:\/\/mechem.com\/fr\/wp-json\/wp\/v2\/pages"}],"about":[{"href":"https:\/\/mechem.com\/fr\/wp-json\/wp\/v2\/types\/page"}],"author":[{"embeddable":true,"href":"https:\/\/mechem.com\/fr\/wp-json\/wp\/v2\/users\/2"}],"replies":[{"embeddable":true,"href":"https:\/\/mechem.com\/fr\/wp-json\/wp\/v2\/comments?post=1390"}],"version-history":[{"count":4,"href":"https:\/\/mechem.com\/fr\/wp-json\/wp\/v2\/pages\/1390\/revisions"}],"predecessor-version":[{"id":1394,"href":"https:\/\/mechem.com\/fr\/wp-json\/wp\/v2\/pages\/1390\/revisions\/1394"}],"wp:attachment":[{"href":"https:\/\/mechem.com\/fr\/wp-json\/wp\/v2\/media?parent=1390"}],"curies":[{"name":"wp","href":"https:\/\/api.w.org\/{rel}","templated":true}]}}