{"id":1371,"date":"2021-06-26T20:20:27","date_gmt":"2021-06-26T20:20:27","guid":{"rendered":"https:\/\/mechem.com\/purpose-and-values\/"},"modified":"2021-08-26T16:54:21","modified_gmt":"2021-08-26T16:54:21","slug":"objectif-et-valeurs","status":"publish","type":"page","link":"https:\/\/mechem.com\/fr\/objectif-et-valeurs\/","title":{"rendered":"Objectif et valeurs"},"content":{"rendered":"\t\t<div data-elementor-type=\"wp-page\" data-elementor-id=\"1371\" class=\"elementor elementor-1371 elementor-133\" data-elementor-post-type=\"page\">\n\t\t\t\t\t\t<section class=\"elementor-section elementor-top-section elementor-element elementor-element-ab85200 elementor-section-boxed elementor-section-height-default elementor-section-height-default\" data-id=\"ab85200\" data-element_type=\"section\">\n\t\t\t\t\t\t<div class=\"elementor-container elementor-column-gap-default\">\n\t\t\t\t\t<div class=\"elementor-column elementor-col-50 elementor-top-column elementor-element elementor-element-2db2454\" data-id=\"2db2454\" data-element_type=\"column\">\n\t\t\t<div class=\"elementor-widget-wrap elementor-element-populated\">\n\t\t\t\t\t\t<div class=\"elementor-element elementor-element-6e24b0c elementor-widget elementor-widget-image\" data-id=\"6e24b0c\" data-element_type=\"widget\" data-widget_type=\"image.default\">\n\t\t\t\t<div class=\"elementor-widget-container\">\n\t\t\t\t\t\t\t\t\t\t\t\t\t\t\t<img decoding=\"async\" width=\"75\" height=\"75\" src=\"https:\/\/mechem.com\/wp-content\/uploads\/2021\/06\/Purpose-and-Value-75x75-1.png\" class=\"attachment-full size-full wp-image-1002\" alt=\"\" \/>\t\t\t\t\t\t\t\t\t\t\t\t\t\t\t<\/div>\n\t\t\t\t<\/div>\n\t\t\t\t\t<\/div>\n\t\t<\/div>\n\t\t\t\t<div class=\"elementor-column elementor-col-50 elementor-top-column elementor-element elementor-element-666d61e\" data-id=\"666d61e\" data-element_type=\"column\">\n\t\t\t<div class=\"elementor-widget-wrap elementor-element-populated\">\n\t\t\t\t\t\t<div class=\"elementor-element elementor-element-e4fdf0f elementor-widget elementor-widget-heading\" data-id=\"e4fdf0f\" data-element_type=\"widget\" data-widget_type=\"heading.default\">\n\t\t\t\t<div class=\"elementor-widget-container\">\n\t\t\t\t\t<h1 class=\"elementor-heading-title elementor-size-default\">Objectif et valeurs<\/h1>\t\t\t\t<\/div>\n\t\t\t\t<\/div>\n\t\t\t\t<div class=\"elementor-element elementor-element-3dc9337 elementor-widget elementor-widget-text-editor\" data-id=\"3dc9337\" data-element_type=\"widget\" data-widget_type=\"text-editor.default\">\n\t\t\t\t<div class=\"elementor-widget-container\">\n\t\t\t\t\t\t\t\t\t<p>Sur le march\u00e9 concurrentiel mondial d&rsquo;aujourd&rsquo;hui, Mechem a acquis une r\u00e9putation exceptionnelle en mati\u00e8re de service et de fiabilit\u00e9. Notre vaste r\u00e9seau de fournisseurs, nos solides services d&rsquo;assistance et notre importante base de clients constituent un cadre dont b\u00e9n\u00e9ficient tous nos clients. Nos valeurs sont le fondement de notre comportement et de nos m\u00e9thodes de travail.<\/p><p><span style=\"color: var( --e-global-color-text ); font-family: var( --e-global-typography-text-font-family ), Sans-serif; font-weight: var( --e-global-typography-text-font-weight );\">Le client est au centre de tout ce que nous faisons.<\/span><\/p><p><span style=\"color: var( --e-global-color-text ); font-family: var( --e-global-typography-text-font-family ), Sans-serif; font-weight: var( --e-global-typography-text-font-weight );\">Notre priorit\u00e9 absolue est de cr\u00e9er de la valeur pour nos clients, de r\u00e9pondre r\u00e9guli\u00e8rement \u00e0 leurs attentes. Il est de notre devoir d&rsquo;assumer la responsabilit\u00e9 de nos produits. Nous nous engageons \u00e0 atteindre un niveau de performance exceptionnel, tant sur le plan individuel que collectif, pour atteindre notre objectif et \u00e0 toujours prendre les choses en main en faisant preuve d&rsquo;un sens aigu des responsabilit\u00e9s.<\/span><\/p><p><span style=\"color: var( --e-global-color-text ); font-family: var( --e-global-typography-text-font-family ), Sans-serif; font-weight: var( --e-global-typography-text-font-weight );\">Notre capital le plus important est notre personnel.<\/span><\/p><p><span style=\"color: var( --e-global-color-text ); font-family: var( --e-global-typography-text-font-family ), Sans-serif; font-weight: var( --e-global-typography-text-font-weight );\">La qualit\u00e9 de nos produits et services repose sur la qualit\u00e9 de notre personnel. Pour la r\u00e9ussite de notre groupe, nous recrutons les meilleurs, nous les retenons et nous leur offrons la possibilit\u00e9 de se d\u00e9velopper. Afin d&rsquo;utiliser la cr\u00e9ativit\u00e9 et la force de nos talents, nous cr\u00e9ons un environnement de travail qui encourage l&rsquo;am\u00e9lioration continue, le travail d&rsquo;\u00e9quipe et la responsabilisation. Nous encourageons l&rsquo;auto-d\u00e9veloppement et l&rsquo;am\u00e9lioration continus gr\u00e2ce \u00e0 la volont\u00e9 individuelle d&rsquo;apprendre de ses exp\u00e9riences et de ses erreurs.<\/span><\/p><p><span style=\"color: var( --e-global-color-text ); font-family: var( --e-global-typography-text-font-family ), Sans-serif; font-weight: var( --e-global-typography-text-font-weight );\">L&rsquo;honn\u00eatet\u00e9, l&rsquo;int\u00e9grit\u00e9, le respect et l&rsquo;\u00e9thique commerciale sont les fondements de notre comportement.<\/span><\/p><p><span style=\"color: var( --e-global-color-text ); font-family: var( --e-global-typography-text-font-family ), Sans-serif; font-weight: var( --e-global-typography-text-font-weight );\">Nous menons nos activit\u00e9s avec de bonnes intentions, des avantages mutuels et un traitement \u00e9quitable dans toutes nos relations. Comme condition pr\u00e9alable au succ\u00e8s, nous respectons et appr\u00e9cions la diversit\u00e9. A tout moment, nous agissons avec int\u00e9grit\u00e9 et honn\u00eatet\u00e9 dans l&rsquo;int\u00e9r\u00eat durable du groupe. Nous encourageons une approche positive des personnes, des \u00e9v\u00e9nements et de la vie.<\/span><\/p>\t\t\t\t\t\t\t\t<\/div>\n\t\t\t\t<\/div>\n\t\t\t\t\t<\/div>\n\t\t<\/div>\n\t\t\t\t\t<\/div>\n\t\t<\/section>\n\t\t\t\t<\/div>\n\t\t","protected":false},"excerpt":{"rendered":"<p>Objectif et valeurs Sur le march\u00e9 concurrentiel mondial d&rsquo;aujourd&rsquo;hui, Mechem a acquis une r\u00e9putation exceptionnelle en mati\u00e8re de service et de fiabilit\u00e9. Notre vaste r\u00e9seau de fournisseurs, nos solides services d&rsquo;assistance et notre importante base de clients constituent un cadre dont b\u00e9n\u00e9ficient tous nos clients. Nos valeurs sont le fondement de notre comportement et de [&hellip;]<\/p>\n","protected":false},"author":2,"featured_media":986,"parent":0,"menu_order":0,"comment_status":"closed","ping_status":"closed","template":"","meta":{"footnotes":""},"class_list":["post-1371","page","type-page","status-publish","has-post-thumbnail","hentry"],"aioseo_notices":[],"_links":{"self":[{"href":"https:\/\/mechem.com\/fr\/wp-json\/wp\/v2\/pages\/1371","targetHints":{"allow":["GET"]}}],"collection":[{"href":"https:\/\/mechem.com\/fr\/wp-json\/wp\/v2\/pages"}],"about":[{"href":"https:\/\/mechem.com\/fr\/wp-json\/wp\/v2\/types\/page"}],"author":[{"embeddable":true,"href":"https:\/\/mechem.com\/fr\/wp-json\/wp\/v2\/users\/2"}],"replies":[{"embeddable":true,"href":"https:\/\/mechem.com\/fr\/wp-json\/wp\/v2\/comments?post=1371"}],"version-history":[{"count":4,"href":"https:\/\/mechem.com\/fr\/wp-json\/wp\/v2\/pages\/1371\/revisions"}],"predecessor-version":[{"id":1375,"href":"https:\/\/mechem.com\/fr\/wp-json\/wp\/v2\/pages\/1371\/revisions\/1375"}],"wp:featuredmedia":[{"embeddable":true,"href":"https:\/\/mechem.com\/fr\/wp-json\/wp\/v2\/media\/986"}],"wp:attachment":[{"href":"https:\/\/mechem.com\/fr\/wp-json\/wp\/v2\/media?parent=1371"}],"curies":[{"name":"wp","href":"https:\/\/api.w.org\/{rel}","templated":true}]}}