{"id":1363,"date":"2021-06-27T11:01:30","date_gmt":"2021-06-27T11:01:30","guid":{"rendered":"https:\/\/mechem.com\/our-vision\/"},"modified":"2021-08-26T16:49:22","modified_gmt":"2021-08-26T16:49:22","slug":"notre-vision","status":"publish","type":"page","link":"https:\/\/mechem.com\/fr\/notre-vision\/","title":{"rendered":"Notre Vision"},"content":{"rendered":"\t\t<div data-elementor-type=\"wp-page\" data-elementor-id=\"1363\" class=\"elementor elementor-1363 elementor-419\" data-elementor-post-type=\"page\">\n\t\t\t\t\t\t<section class=\"elementor-section elementor-top-section elementor-element elementor-element-aeb3ff7 elementor-section-boxed elementor-section-height-default elementor-section-height-default\" data-id=\"aeb3ff7\" data-element_type=\"section\" data-e-type=\"section\">\n\t\t\t\t\t\t<div class=\"elementor-container elementor-column-gap-default\">\n\t\t\t\t\t<div class=\"elementor-column elementor-col-50 elementor-top-column elementor-element elementor-element-ec4d30d\" data-id=\"ec4d30d\" data-element_type=\"column\" data-e-type=\"column\">\n\t\t\t<div class=\"elementor-widget-wrap elementor-element-populated\">\n\t\t\t\t\t\t<div class=\"elementor-element elementor-element-ad7e1e4 elementor-widget elementor-widget-image\" data-id=\"ad7e1e4\" data-element_type=\"widget\" data-e-type=\"widget\" data-widget_type=\"image.default\">\n\t\t\t\t<div class=\"elementor-widget-container\">\n\t\t\t\t\t\t\t\t\t\t\t\t\t\t\t<img decoding=\"async\" width=\"75\" height=\"75\" src=\"https:\/\/mechem.com\/wp-content\/uploads\/2021\/06\/Mission-75x75-1.png\" class=\"attachment-large size-large wp-image-998\" alt=\"\" \/>\t\t\t\t\t\t\t\t\t\t\t\t\t\t\t<\/div>\n\t\t\t\t<\/div>\n\t\t\t\t\t<\/div>\n\t\t<\/div>\n\t\t\t\t<div class=\"elementor-column elementor-col-50 elementor-top-column elementor-element elementor-element-03e9384\" data-id=\"03e9384\" data-element_type=\"column\" data-e-type=\"column\">\n\t\t\t<div class=\"elementor-widget-wrap elementor-element-populated\">\n\t\t\t\t\t\t<div class=\"elementor-element elementor-element-aebdb84 elementor-widget elementor-widget-heading\" data-id=\"aebdb84\" data-element_type=\"widget\" data-e-type=\"widget\" data-widget_type=\"heading.default\">\n\t\t\t\t<div class=\"elementor-widget-container\">\n\t\t\t\t\t<h1 class=\"elementor-heading-title elementor-size-default\">Notre Vision<\/h1>\t\t\t\t<\/div>\n\t\t\t\t<\/div>\n\t\t\t\t<div class=\"elementor-element elementor-element-1351317 elementor-widget elementor-widget-text-editor\" data-id=\"1351317\" data-element_type=\"widget\" data-e-type=\"widget\" data-widget_type=\"text-editor.default\">\n\t\t\t\t<div class=\"elementor-widget-container\">\n\t\t\t\t\t\t\t\t\t<p>Mechem est l&rsquo;adresse fiable pour le commerce de l&rsquo;aluminium primaire et du cuivre.<\/p><p>En tant que Mechem, nous nous sentons responsables d&rsquo;apporter des solutions technologiques et durables \u00e0 nos clients. Nous nous effor\u00e7ons d&rsquo;\u00eatre votre partenaire pour les solutions en aluminium et en cuivre.<\/p>\t\t\t\t\t\t\t\t<\/div>\n\t\t\t\t<\/div>\n\t\t\t\t\t<\/div>\n\t\t<\/div>\n\t\t\t\t\t<\/div>\n\t\t<\/section>\n\t\t\t\t<\/div>\n\t\t","protected":false},"excerpt":{"rendered":"<p>Notre Vision Mechem est l&rsquo;adresse fiable pour le commerce de l&rsquo;aluminium primaire et du cuivre. En tant que Mechem, nous nous sentons responsables d&rsquo;apporter des solutions technologiques et durables \u00e0 nos clients. Nous nous effor\u00e7ons d&rsquo;\u00eatre votre partenaire pour les solutions en aluminium et en cuivre.<\/p>\n","protected":false},"author":2,"featured_media":986,"parent":0,"menu_order":0,"comment_status":"closed","ping_status":"closed","template":"","meta":{"footnotes":""},"class_list":["post-1363","page","type-page","status-publish","has-post-thumbnail","hentry"],"aioseo_notices":[],"_links":{"self":[{"href":"https:\/\/mechem.com\/fr\/wp-json\/wp\/v2\/pages\/1363","targetHints":{"allow":["GET"]}}],"collection":[{"href":"https:\/\/mechem.com\/fr\/wp-json\/wp\/v2\/pages"}],"about":[{"href":"https:\/\/mechem.com\/fr\/wp-json\/wp\/v2\/types\/page"}],"author":[{"embeddable":true,"href":"https:\/\/mechem.com\/fr\/wp-json\/wp\/v2\/users\/2"}],"replies":[{"embeddable":true,"href":"https:\/\/mechem.com\/fr\/wp-json\/wp\/v2\/comments?post=1363"}],"version-history":[{"count":4,"href":"https:\/\/mechem.com\/fr\/wp-json\/wp\/v2\/pages\/1363\/revisions"}],"predecessor-version":[{"id":1367,"href":"https:\/\/mechem.com\/fr\/wp-json\/wp\/v2\/pages\/1363\/revisions\/1367"}],"wp:featuredmedia":[{"embeddable":true,"href":"https:\/\/mechem.com\/fr\/wp-json\/wp\/v2\/media\/986"}],"wp:attachment":[{"href":"https:\/\/mechem.com\/fr\/wp-json\/wp\/v2\/media?parent=1363"}],"curies":[{"name":"wp","href":"https:\/\/api.w.org\/{rel}","templated":true}]}}