{"id":1358,"date":"2021-06-27T07:07:59","date_gmt":"2021-06-27T07:07:59","guid":{"rendered":"https:\/\/mechem.com\/partners\/"},"modified":"2021-08-26T16:47:58","modified_gmt":"2021-08-26T16:47:58","slug":"partners","status":"publish","type":"page","link":"https:\/\/mechem.com\/fr\/partners\/","title":{"rendered":"Partenaires"},"content":{"rendered":"\t\t<div data-elementor-type=\"wp-page\" data-elementor-id=\"1358\" class=\"elementor elementor-1358 elementor-202\" data-elementor-post-type=\"page\">\n\t\t\t\t\t\t<section class=\"elementor-section elementor-top-section elementor-element elementor-element-9b077a8 elementor-section-full_width elementor-section-height-default elementor-section-height-default\" data-id=\"9b077a8\" data-element_type=\"section\" data-e-type=\"section\">\n\t\t\t\t\t\t<div class=\"elementor-container elementor-column-gap-no\">\n\t\t\t\t\t<div class=\"elementor-column elementor-col-100 elementor-top-column elementor-element elementor-element-34ce99b\" data-id=\"34ce99b\" data-element_type=\"column\" data-e-type=\"column\">\n\t\t\t<div class=\"elementor-widget-wrap elementor-element-populated\">\n\t\t\t\t\t\t<div class=\"elementor-element elementor-element-34893a3 elementor-widget elementor-widget-image\" data-id=\"34893a3\" data-element_type=\"widget\" data-e-type=\"widget\" data-widget_type=\"image.default\">\n\t\t\t\t<div class=\"elementor-widget-container\">\n\t\t\t\t\t\t\t\t\t\t\t\t\t\t\t<img fetchpriority=\"high\" decoding=\"async\" width=\"1670\" height=\"300\" src=\"https:\/\/mechem.com\/wp-content\/uploads\/2021\/06\/mechem-slider-banner.jpg\" class=\"attachment-full size-full wp-image-986\" alt=\"\" srcset=\"https:\/\/mechem.com\/wp-content\/uploads\/2021\/06\/mechem-slider-banner.jpg 1670w, https:\/\/mechem.com\/wp-content\/uploads\/2021\/06\/mechem-slider-banner-300x54.jpg 300w, https:\/\/mechem.com\/wp-content\/uploads\/2021\/06\/mechem-slider-banner-1024x184.jpg 1024w, https:\/\/mechem.com\/wp-content\/uploads\/2021\/06\/mechem-slider-banner-768x138.jpg 768w, https:\/\/mechem.com\/wp-content\/uploads\/2021\/06\/mechem-slider-banner-1536x276.jpg 1536w\" sizes=\"(max-width: 1670px) 100vw, 1670px\" \/>\t\t\t\t\t\t\t\t\t\t\t\t\t\t\t<\/div>\n\t\t\t\t<\/div>\n\t\t\t\t\t<\/div>\n\t\t<\/div>\n\t\t\t\t\t<\/div>\n\t\t<\/section>\n\t\t\t\t<section class=\"elementor-section elementor-top-section elementor-element elementor-element-c98b629 elementor-section-boxed elementor-section-height-default elementor-section-height-default\" data-id=\"c98b629\" data-element_type=\"section\" data-e-type=\"section\">\n\t\t\t\t\t\t<div class=\"elementor-container elementor-column-gap-default\">\n\t\t\t\t\t<div class=\"elementor-column elementor-col-100 elementor-top-column elementor-element elementor-element-390ae91\" data-id=\"390ae91\" data-element_type=\"column\" data-e-type=\"column\">\n\t\t\t<div class=\"elementor-widget-wrap elementor-element-populated\">\n\t\t\t\t\t\t<div class=\"elementor-element elementor-element-c7ccd57 elementor-widget elementor-widget-spacer\" data-id=\"c7ccd57\" data-element_type=\"widget\" data-e-type=\"widget\" data-widget_type=\"spacer.default\">\n\t\t\t\t<div class=\"elementor-widget-container\">\n\t\t\t\t\t\t\t<div class=\"elementor-spacer\">\n\t\t\t<div class=\"elementor-spacer-inner\"><\/div>\n\t\t<\/div>\n\t\t\t\t\t\t<\/div>\n\t\t\t\t<\/div>\n\t\t\t\t<section class=\"elementor-section elementor-inner-section elementor-element elementor-element-e945203 elementor-section-boxed elementor-section-height-default elementor-section-height-default\" data-id=\"e945203\" data-element_type=\"section\" data-e-type=\"section\">\n\t\t\t\t\t\t<div class=\"elementor-container elementor-column-gap-default\">\n\t\t\t\t\t<div class=\"elementor-column elementor-col-50 elementor-inner-column elementor-element elementor-element-bfa794d\" data-id=\"bfa794d\" data-element_type=\"column\" data-e-type=\"column\">\n\t\t\t<div class=\"elementor-widget-wrap elementor-element-populated\">\n\t\t\t\t\t\t<div class=\"elementor-element elementor-element-65e24d5 elementor-widget elementor-widget-image\" data-id=\"65e24d5\" data-element_type=\"widget\" data-e-type=\"widget\" data-widget_type=\"image.default\">\n\t\t\t\t<div class=\"elementor-widget-container\">\n\t\t\t\t\t\t\t\t\t\t\t\t\t\t\t<img decoding=\"async\" width=\"75\" height=\"75\" src=\"https:\/\/mechem.com\/wp-content\/uploads\/2021\/06\/team-75x75-1.png\" class=\"attachment-large size-large wp-image-1050\" alt=\"\" \/>\t\t\t\t\t\t\t\t\t\t\t\t\t\t\t<\/div>\n\t\t\t\t<\/div>\n\t\t\t\t\t<\/div>\n\t\t<\/div>\n\t\t\t\t<div class=\"elementor-column elementor-col-50 elementor-inner-column elementor-element elementor-element-9576678\" data-id=\"9576678\" data-element_type=\"column\" data-e-type=\"column\">\n\t\t\t<div class=\"elementor-widget-wrap elementor-element-populated\">\n\t\t\t\t\t\t<div class=\"elementor-element elementor-element-d187a88 elementor-widget elementor-widget-heading\" data-id=\"d187a88\" data-element_type=\"widget\" data-e-type=\"widget\" data-widget_type=\"heading.default\">\n\t\t\t\t<div class=\"elementor-widget-container\">\n\t\t\t\t\t<h1 class=\"elementor-heading-title elementor-size-default\">Partenaires<\/h1>\t\t\t\t<\/div>\n\t\t\t\t<\/div>\n\t\t\t\t<div class=\"elementor-element elementor-element-a027270 elementor-widget elementor-widget-text-editor\" data-id=\"a027270\" data-element_type=\"widget\" data-e-type=\"widget\" data-widget_type=\"text-editor.default\">\n\t\t\t\t<div class=\"elementor-widget-container\">\n\t\t\t\t\t\t\t\t\t<p>Mechem s&rsquo;approvisionne aupr\u00e8s des principaux producteurs d&rsquo;aluminium du monde entier afin de garantir un portefeuille liquide et une gamme diversifi\u00e9e de produits aux utilisateurs finaux. Nos solides relations avec les producteurs garantissent une capacit\u00e9 d&rsquo;approvisionnement continue et une att\u00e9nuation des risques.<\/p><p>Actif depuis des d\u00e9cennies dans le secteur, Mechem a \u00e9largi sa client\u00e8le au fil des ans et compte plus de 100 clients en Europe et dans le bassin m\u00e9diterran\u00e9en. Notre r\u00e9seau d&rsquo;entrep\u00f4ts tiers situ\u00e9s dans des endroits strat\u00e9giques nous permet de garder des stocks directement au port et d&rsquo;\u00eatre en mesure d&rsquo;administrer le mat\u00e9riel \u00e0 la demande de nos clients.<\/p><p>Avec un bilan et des fonds propres solides, Mechem travaille avec des banques de niveau 1. Les courtiers de la Bourse des m\u00e9taux de Londres (LME) nous fournissent de vastes facilit\u00e9s de financement pour exploiter nos activit\u00e9s commerciales.<\/p>\t\t\t\t\t\t\t\t<\/div>\n\t\t\t\t<\/div>\n\t\t\t\t\t<\/div>\n\t\t<\/div>\n\t\t\t\t\t<\/div>\n\t\t<\/section>\n\t\t\t\t<div class=\"elementor-element elementor-element-67fb8b5 elementor-widget elementor-widget-spacer\" data-id=\"67fb8b5\" data-element_type=\"widget\" data-e-type=\"widget\" data-widget_type=\"spacer.default\">\n\t\t\t\t<div class=\"elementor-widget-container\">\n\t\t\t\t\t\t\t<div class=\"elementor-spacer\">\n\t\t\t<div class=\"elementor-spacer-inner\"><\/div>\n\t\t<\/div>\n\t\t\t\t\t\t<\/div>\n\t\t\t\t<\/div>\n\t\t\t\t\t<\/div>\n\t\t<\/div>\n\t\t\t\t\t<\/div>\n\t\t<\/section>\n\t\t\t\t<\/div>\n\t\t","protected":false},"excerpt":{"rendered":"<p>Partenaires Mechem s&rsquo;approvisionne aupr\u00e8s des principaux producteurs d&rsquo;aluminium du monde entier afin de garantir un portefeuille liquide et une gamme diversifi\u00e9e de produits aux utilisateurs finaux. Nos solides relations avec les producteurs garantissent une capacit\u00e9 d&rsquo;approvisionnement continue et une att\u00e9nuation des risques. Actif depuis des d\u00e9cennies dans le secteur, Mechem a \u00e9largi sa client\u00e8le au [&hellip;]<\/p>\n","protected":false},"author":2,"featured_media":986,"parent":0,"menu_order":0,"comment_status":"closed","ping_status":"closed","template":"","meta":{"footnotes":""},"class_list":["post-1358","page","type-page","status-publish","has-post-thumbnail","hentry"],"aioseo_notices":[],"_links":{"self":[{"href":"https:\/\/mechem.com\/fr\/wp-json\/wp\/v2\/pages\/1358","targetHints":{"allow":["GET"]}}],"collection":[{"href":"https:\/\/mechem.com\/fr\/wp-json\/wp\/v2\/pages"}],"about":[{"href":"https:\/\/mechem.com\/fr\/wp-json\/wp\/v2\/types\/page"}],"author":[{"embeddable":true,"href":"https:\/\/mechem.com\/fr\/wp-json\/wp\/v2\/users\/2"}],"replies":[{"embeddable":true,"href":"https:\/\/mechem.com\/fr\/wp-json\/wp\/v2\/comments?post=1358"}],"version-history":[{"count":4,"href":"https:\/\/mechem.com\/fr\/wp-json\/wp\/v2\/pages\/1358\/revisions"}],"predecessor-version":[{"id":1362,"href":"https:\/\/mechem.com\/fr\/wp-json\/wp\/v2\/pages\/1358\/revisions\/1362"}],"wp:featuredmedia":[{"embeddable":true,"href":"https:\/\/mechem.com\/fr\/wp-json\/wp\/v2\/media\/986"}],"wp:attachment":[{"href":"https:\/\/mechem.com\/fr\/wp-json\/wp\/v2\/media?parent=1358"}],"curies":[{"name":"wp","href":"https:\/\/api.w.org\/{rel}","templated":true}]}}