{"id":1330,"date":"2021-07-26T09:32:24","date_gmt":"2021-07-26T09:32:24","guid":{"rendered":"https:\/\/mechem.com\/birincil-alasimli-aluminyum-urunleri\/"},"modified":"2021-09-21T11:04:56","modified_gmt":"2021-09-21T11:04:56","slug":"aluminium-en-alliage-primaire","status":"publish","type":"page","link":"https:\/\/mechem.com\/fr\/aluminium-en-alliage-primaire\/","title":{"rendered":"Aluminium en alliage primaire"},"content":{"rendered":"\t\t<div data-elementor-type=\"wp-page\" data-elementor-id=\"1330\" class=\"elementor elementor-1330 elementor-182\" data-elementor-post-type=\"page\">\n\t\t\t\t\t\t<section class=\"elementor-section elementor-top-section elementor-element elementor-element-9b077a8 elementor-section-full_width elementor-section-height-default elementor-section-height-default\" data-id=\"9b077a8\" data-element_type=\"section\">\n\t\t\t\t\t\t<div class=\"elementor-container elementor-column-gap-no\">\n\t\t\t\t\t<div class=\"elementor-column elementor-col-100 elementor-top-column elementor-element elementor-element-34ce99b\" data-id=\"34ce99b\" data-element_type=\"column\">\n\t\t\t<div class=\"elementor-widget-wrap elementor-element-populated\">\n\t\t\t\t\t\t<div class=\"elementor-element elementor-element-1e59f59 elementor-widget elementor-widget-heading\" data-id=\"1e59f59\" data-element_type=\"widget\" data-widget_type=\"heading.default\">\n\t\t\t\t<div class=\"elementor-widget-container\">\n\t\t\t\t\t<h1 class=\"elementor-heading-title elementor-size-default\">Aluminium en alliage primaire<\/h1>\t\t\t\t<\/div>\n\t\t\t\t<\/div>\n\t\t\t\t<div class=\"elementor-element elementor-element-da21b4e elementor-widget elementor-widget-text-editor\" data-id=\"da21b4e\" data-element_type=\"widget\" data-widget_type=\"text-editor.default\">\n\t\t\t\t<div class=\"elementor-widget-container\">\n\t\t\t\t\t\t\t\t\t<p>Mechem a acquis une r\u00e9putation exceptionnelle en mati\u00e8re de service et de fiabilit\u00e9. Notre vaste r\u00e9seau de fournisseurs, nos solides services d&rsquo;assistance et notre importante base de clients constituent un cadre dont b\u00e9n\u00e9ficient tous nos clients.<\/p><p>Nous fournissons des billettes d&rsquo;extrusion, des brames de laminage et des lingots de fonderie \/ barres en T pour diverses industries avec un alliage standard couvrant les sp\u00e9cifications du client en aluminium primaire alli\u00e9.<\/p>\t\t\t\t\t\t\t\t<\/div>\n\t\t\t\t<\/div>\n\t\t\t\t<div class=\"elementor-element elementor-element-82afda9 elementor-hidden-desktop elementor-hidden-tablet elementor-widget elementor-widget-button\" data-id=\"82afda9\" data-element_type=\"widget\" data-widget_type=\"button.default\">\n\t\t\t\t<div class=\"elementor-widget-container\">\n\t\t\t\t\t\t\t\t\t<div class=\"elementor-button-wrapper\">\n\t\t\t\t\t<a class=\"elementor-button elementor-button-link elementor-size-sm\" href=\"https:\/\/mechem.com\/wp-content\/uploads\/2021\/06\/Mechem-S.A.-Primary-Alloyed-Aluminium.pdf\">\n\t\t\t\t\t\t<span class=\"elementor-button-content-wrapper\">\n\t\t\t\t\t\t\t\t\t<span class=\"elementor-button-text\">T\u00e9l\u00e9charger les informations d\u00e9taill\u00e9es<\/span>\n\t\t\t\t\t<\/span>\n\t\t\t\t\t<\/a>\n\t\t\t\t<\/div>\n\t\t\t\t\t\t\t\t<\/div>\n\t\t\t\t<\/div>\n\t\t\t\t<div class=\"elementor-element elementor-element-9dcf2a4 elementor-hidden-phone elementor-widget elementor-widget-toggle\" data-id=\"9dcf2a4\" data-element_type=\"widget\" data-widget_type=\"toggle.default\">\n\t\t\t\t<div class=\"elementor-widget-container\">\n\t\t\t\t\t\t\t<div class=\"elementor-toggle\">\n\t\t\t\t\t\t\t<div class=\"elementor-toggle-item\">\n\t\t\t\t\t<div id=\"elementor-tab-title-1651\" class=\"elementor-tab-title\" data-tab=\"1\" role=\"button\" aria-controls=\"elementor-tab-content-1651\" aria-expanded=\"false\">\n\t\t\t\t\t\t\t\t\t\t\t\t<span class=\"elementor-toggle-icon elementor-toggle-icon-right\" aria-hidden=\"true\">\n\t\t\t\t\t\t\t\t\t\t\t\t\t\t\t<span class=\"elementor-toggle-icon-closed\"><i class=\"fas fa-caret-down\"><\/i><\/span>\n\t\t\t\t\t\t\t\t<span class=\"elementor-toggle-icon-opened\"><i class=\"elementor-toggle-icon-opened fas fa-caret-up\"><\/i><\/span>\n\t\t\t\t\t\t\t\t\t\t\t\t\t<\/span>\n\t\t\t\t\t\t\t\t\t\t\t\t<a class=\"elementor-toggle-title\" tabindex=\"0\">Billettes en alliage primaire<\/a>\n\t\t\t\t\t<\/div>\n\n\t\t\t\t\t<div id=\"elementor-tab-content-1651\" class=\"elementor-tab-content elementor-clearfix\" data-tab=\"1\" role=\"region\" aria-labelledby=\"elementor-tab-title-1651\"><p>Les billettes en alliage (1xxx-7xxx) ont un diam\u00e8tre de 4&Prime; (102 mm) \u00e0 17&Prime; (432 mm) et des longueurs de 5800 mm, 6000 mm et 7000 mm (pour les billettes coup\u00e9es, veuillez nous consulter) avec une analyse chimique standard ;<\/p><p>Nous fournissons \u00e9galement, selon les sp\u00e9cifications du client, des alliages 2xxx, 3xxx, 6xxx, 5xxx et 7xxx.<\/p><p><strong>Qualit\u00e9 m\u00e9tallurgique<\/strong><\/p><p>Granulom\u00e9trie moyenne : min 2000 grains\/cm2 &#8211; max 200 my conforme \u00e0 la norme ASTM E112-96<br \/>Zone de s\u00e9gr\u00e9gation inverse : \u02c2200 my<\/p><p>Inclusions : chaque distribution doit \u00eatre filtr\u00e9e avec un filtre en mousse c\u00e9ramique avec un minimum de 30 ppi et un maximum d&rsquo;inclusion.<\/p><p><strong>Qualit\u00e9 physique<\/strong><br \/>Les casses m\u00e9caniques ne doivent pas d\u00e9passer 2 mm de profondeur, 5 mm de largeur et 250 mm de longueur \u00e0 la surface des billettes.<br \/>Dimensions et tol\u00e9rances<br \/>Diam\u00e8tre +0\/-2 mm jusqu&rsquo;\u00e0 203 mm, +0\/-3 mm au-dessus de 228 mm<br \/>Longueur +\/-10 mm<br \/>Marquage : les billettes d&rsquo;une liasse sont marqu\u00e9es sur une extr\u00e9mit\u00e9 coup\u00e9e avec le num\u00e9ro de coul\u00e9e et le code d&rsquo;alliage.<\/p><\/div>\n\t\t\t\t<\/div>\n\t\t\t\t\t\t\t<div class=\"elementor-toggle-item\">\n\t\t\t\t\t<div id=\"elementor-tab-title-1652\" class=\"elementor-tab-title\" data-tab=\"2\" role=\"button\" aria-controls=\"elementor-tab-content-1652\" aria-expanded=\"false\">\n\t\t\t\t\t\t\t\t\t\t\t\t<span class=\"elementor-toggle-icon elementor-toggle-icon-right\" aria-hidden=\"true\">\n\t\t\t\t\t\t\t\t\t\t\t\t\t\t\t<span class=\"elementor-toggle-icon-closed\"><i class=\"fas fa-caret-down\"><\/i><\/span>\n\t\t\t\t\t\t\t\t<span class=\"elementor-toggle-icon-opened\"><i class=\"elementor-toggle-icon-opened fas fa-caret-up\"><\/i><\/span>\n\t\t\t\t\t\t\t\t\t\t\t\t\t<\/span>\n\t\t\t\t\t\t\t\t\t\t\t\t<a class=\"elementor-toggle-title\" tabindex=\"0\">Brames de laminage en alliage primaire<\/a>\n\t\t\t\t\t<\/div>\n\n\t\t\t\t\t<div id=\"elementor-tab-content-1652\" class=\"elementor-tab-content elementor-clearfix\" data-tab=\"2\" role=\"region\" aria-labelledby=\"elementor-tab-title-1652\"><p>Les s\u00e9ries 1xxx, 3xxx, 5xxx et 6xxx de brames de laminage et de brames de t\u00f4les coul\u00e9es sont disponibles et nous les fournissons selon les sp\u00e9cifications du client.<\/p><p style=\"text-align: center;\">dimensions des dalles<b><br \/><\/b><\/p><p>La production d&rsquo;autres tailles est possible en fonction de la commande du client.<\/p><\/div>\n\t\t\t\t<\/div>\n\t\t\t\t\t\t\t<div class=\"elementor-toggle-item\">\n\t\t\t\t\t<div id=\"elementor-tab-title-1653\" class=\"elementor-tab-title\" data-tab=\"3\" role=\"button\" aria-controls=\"elementor-tab-content-1653\" aria-expanded=\"false\">\n\t\t\t\t\t\t\t\t\t\t\t\t<span class=\"elementor-toggle-icon elementor-toggle-icon-right\" aria-hidden=\"true\">\n\t\t\t\t\t\t\t\t\t\t\t\t\t\t\t<span class=\"elementor-toggle-icon-closed\"><i class=\"fas fa-caret-down\"><\/i><\/span>\n\t\t\t\t\t\t\t\t<span class=\"elementor-toggle-icon-opened\"><i class=\"elementor-toggle-icon-opened fas fa-caret-up\"><\/i><\/span>\n\t\t\t\t\t\t\t\t\t\t\t\t\t<\/span>\n\t\t\t\t\t\t\t\t\t\t\t\t<a class=\"elementor-toggle-title\" tabindex=\"0\">Lingots \/ profil\u00e9s en T d'alliage de fonderie primaire<\/a>\n\t\t\t\t\t<\/div>\n\n\t\t\t\t\t<div id=\"elementor-tab-content-1653\" class=\"elementor-tab-content elementor-clearfix\" data-tab=\"3\" role=\"region\" aria-labelledby=\"elementor-tab-title-1653\"><p>Conforme \u00e0 la norme EN1706, EN AC42100<\/p><p>Certificats de qualit\u00e9 : ISO\/TS9001, ISO\/TS16949, ISO14001, ISO18000, ISO27000 etc.<\/p><p>Poids du lingot en moule ouvert : 7-15 kg<br \/>Poids du lingot en lingoti\u00e8re continue : 6-8 kg<br \/>Poids des barres de coul\u00e9e continue : 10 kg<br \/>Plage de poids des barres en T : 300-750 kg<br \/>Marquage et emballage : selon les sp\u00e9cifications du client.<\/p><\/div>\n\t\t\t\t<\/div>\n\t\t\t\t\t\t\t\t<\/div>\n\t\t\t\t\t\t<\/div>\n\t\t\t\t<\/div>\n\t\t\t\t<div class=\"elementor-element elementor-element-8cde573 elementor-widget elementor-widget-spacer\" data-id=\"8cde573\" data-element_type=\"widget\" data-widget_type=\"spacer.default\">\n\t\t\t\t<div class=\"elementor-widget-container\">\n\t\t\t\t\t\t\t<div class=\"elementor-spacer\">\n\t\t\t<div class=\"elementor-spacer-inner\"><\/div>\n\t\t<\/div>\n\t\t\t\t\t\t<\/div>\n\t\t\t\t<\/div>\n\t\t\t\t\t<\/div>\n\t\t<\/div>\n\t\t\t\t\t<\/div>\n\t\t<\/section>\n\t\t\t\t<\/div>\n\t\t","protected":false},"excerpt":{"rendered":"<p>Aluminium en alliage primaire Mechem a acquis une r\u00e9putation exceptionnelle en mati\u00e8re de service et de fiabilit\u00e9. Notre vaste r\u00e9seau de fournisseurs, nos solides services d&rsquo;assistance et notre importante base de clients constituent un cadre dont b\u00e9n\u00e9ficient tous nos clients. Nous fournissons des billettes d&rsquo;extrusion, des brames de laminage et des lingots de fonderie \/ [&hellip;]<\/p>\n","protected":false},"author":2,"featured_media":989,"parent":0,"menu_order":0,"comment_status":"closed","ping_status":"closed","template":"","meta":{"footnotes":""},"class_list":["post-1330","page","type-page","status-publish","has-post-thumbnail","hentry"],"aioseo_notices":[],"_links":{"self":[{"href":"https:\/\/mechem.com\/fr\/wp-json\/wp\/v2\/pages\/1330","targetHints":{"allow":["GET"]}}],"collection":[{"href":"https:\/\/mechem.com\/fr\/wp-json\/wp\/v2\/pages"}],"about":[{"href":"https:\/\/mechem.com\/fr\/wp-json\/wp\/v2\/types\/page"}],"author":[{"embeddable":true,"href":"https:\/\/mechem.com\/fr\/wp-json\/wp\/v2\/users\/2"}],"replies":[{"embeddable":true,"href":"https:\/\/mechem.com\/fr\/wp-json\/wp\/v2\/comments?post=1330"}],"version-history":[{"count":22,"href":"https:\/\/mechem.com\/fr\/wp-json\/wp\/v2\/pages\/1330\/revisions"}],"predecessor-version":[{"id":1780,"href":"https:\/\/mechem.com\/fr\/wp-json\/wp\/v2\/pages\/1330\/revisions\/1780"}],"wp:featuredmedia":[{"embeddable":true,"href":"https:\/\/mechem.com\/fr\/wp-json\/wp\/v2\/media\/989"}],"wp:attachment":[{"href":"https:\/\/mechem.com\/fr\/wp-json\/wp\/v2\/media?parent=1330"}],"curies":[{"name":"wp","href":"https:\/\/api.w.org\/{rel}","templated":true}]}}