{"id":1584,"date":"2021-06-26T20:20:27","date_gmt":"2021-06-26T20:20:27","guid":{"rendered":"https:\/\/mechem.com\/purpose-and-values\/"},"modified":"2021-08-27T09:54:04","modified_gmt":"2021-08-27T09:54:04","slug":"proposito-y-valores","status":"publish","type":"page","link":"https:\/\/mechem.com\/es\/proposito-y-valores\/","title":{"rendered":"Prop\u00f3sito y valores"},"content":{"rendered":"\t\t<div data-elementor-type=\"wp-page\" data-elementor-id=\"1584\" class=\"elementor elementor-1584 elementor-133\" data-elementor-post-type=\"page\">\n\t\t\t\t\t\t<section class=\"elementor-section elementor-top-section elementor-element elementor-element-ab85200 elementor-section-boxed elementor-section-height-default elementor-section-height-default\" data-id=\"ab85200\" data-element_type=\"section\" data-e-type=\"section\">\n\t\t\t\t\t\t<div class=\"elementor-container elementor-column-gap-default\">\n\t\t\t\t\t<div class=\"elementor-column elementor-col-50 elementor-top-column elementor-element elementor-element-2db2454\" data-id=\"2db2454\" data-element_type=\"column\" data-e-type=\"column\">\n\t\t\t<div class=\"elementor-widget-wrap elementor-element-populated\">\n\t\t\t\t\t\t<div class=\"elementor-element elementor-element-6e24b0c elementor-widget elementor-widget-image\" data-id=\"6e24b0c\" data-element_type=\"widget\" data-e-type=\"widget\" data-widget_type=\"image.default\">\n\t\t\t\t<div class=\"elementor-widget-container\">\n\t\t\t\t\t\t\t\t\t\t\t\t\t\t\t<img decoding=\"async\" width=\"75\" height=\"75\" src=\"https:\/\/mechem.com\/wp-content\/uploads\/2021\/06\/Purpose-and-Value-75x75-1.png\" class=\"attachment-full size-full wp-image-1004\" alt=\"\" \/>\t\t\t\t\t\t\t\t\t\t\t\t\t\t\t<\/div>\n\t\t\t\t<\/div>\n\t\t\t\t\t<\/div>\n\t\t<\/div>\n\t\t\t\t<div class=\"elementor-column elementor-col-50 elementor-top-column elementor-element elementor-element-666d61e\" data-id=\"666d61e\" data-element_type=\"column\" data-e-type=\"column\">\n\t\t\t<div class=\"elementor-widget-wrap elementor-element-populated\">\n\t\t\t\t\t\t<div class=\"elementor-element elementor-element-e4fdf0f elementor-widget elementor-widget-heading\" data-id=\"e4fdf0f\" data-element_type=\"widget\" data-e-type=\"widget\" data-widget_type=\"heading.default\">\n\t\t\t\t<div class=\"elementor-widget-container\">\n\t\t\t\t\t<h1 class=\"elementor-heading-title elementor-size-default\">Prop\u00f3sito y valores<\/h1>\t\t\t\t<\/div>\n\t\t\t\t<\/div>\n\t\t\t\t<div class=\"elementor-element elementor-element-3dc9337 elementor-widget elementor-widget-text-editor\" data-id=\"3dc9337\" data-element_type=\"widget\" data-e-type=\"widget\" data-widget_type=\"text-editor.default\">\n\t\t\t\t<div class=\"elementor-widget-container\">\n\t\t\t\t\t\t\t\t\t<p>En el mercado mundialmente competitivo de hoy en d\u00eda, Mechem ha desarrollado una excelente reputaci\u00f3n de buen servicio y fiabilidad. Nuestra amplia red de proveedores, s\u00f3lidos servicios de soporte y extensa base de clientes ofrece un marco de trabajo que beneficia a todos nuestros clientes. Nuestros valores son la base de nuestro comportamiento y nuestros m\u00e9todos de trabajo.<br \/><br \/>El cliente es el centro de todo lo que hacemos.<br \/><br \/>Nuestra prioridad principal es generar valor para nuestros clientes y satisfacer constantemente sus expectativas. Nuestra obligaci\u00f3n es tener la responsabilidad de nuestros productos. Estamos comprometidos con un est\u00e1ndar excepcional de rendimiento, tanto a nivel individual como colectivo, para alcanzar nuestro objetivo, y siempre nos hacemos responsables mediante la demostraci\u00f3n de un fuerte sentido de la responsabilidad.<br \/><br \/>Nuestro capital m\u00e1s importante es nuestro personal.<br \/><br \/>La calidad de nuestros productos y servicios se basa en la calidad de nuestro personal. Para el \u00e9xito de nuestro grupo, contratamos a los mejores, los conservamos y les ofrecemos oportunidades para su desarrollo. Para utilizar nuestros talentos de creatividad y fortaleza, creamos un entorno de trabajo que anima continuamente a la mejora, el trabajo en equipo y la capacitaci\u00f3n. Animamos el autodesarrollo y la mejora continuos mediante la voluntad individual de aprender a trav\u00e9s de la experiencia y los errores.<br \/><br \/>Honestidad, integridad, respeto y \u00e9tica empresarial son las bases de nuestro comportamiento.<br \/><br \/>La direcci\u00f3n de nuestro negocio se efect\u00faa con buenas intenciones, mutuo beneficio y un trato justo en todas las relaciones. Como condici\u00f3n previa para el \u00e9xito, respetamos y apreciamos la diversidad. En todo momento, actuamos con integridad y honestidad para el inter\u00e9s sostenido del grupo. Promovemos un enfoque positivo hacia la gente, los sucesos y la vida.<\/p>\t\t\t\t\t\t\t\t<\/div>\n\t\t\t\t<\/div>\n\t\t\t\t\t<\/div>\n\t\t<\/div>\n\t\t\t\t\t<\/div>\n\t\t<\/section>\n\t\t\t\t<\/div>\n\t\t","protected":false},"excerpt":{"rendered":"<p>Prop\u00f3sito y valores En el mercado mundialmente competitivo de hoy en d\u00eda, Mechem ha desarrollado una excelente reputaci\u00f3n de buen servicio y fiabilidad. Nuestra amplia red de proveedores, s\u00f3lidos servicios de soporte y extensa base de clientes ofrece un marco de trabajo que beneficia a todos nuestros clientes. Nuestros valores son la base de nuestro [&hellip;]<\/p>\n","protected":false},"author":2,"featured_media":988,"parent":0,"menu_order":0,"comment_status":"closed","ping_status":"closed","template":"","meta":{"footnotes":""},"class_list":["post-1584","page","type-page","status-publish","has-post-thumbnail","hentry"],"aioseo_notices":[],"_links":{"self":[{"href":"https:\/\/mechem.com\/es\/wp-json\/wp\/v2\/pages\/1584","targetHints":{"allow":["GET"]}}],"collection":[{"href":"https:\/\/mechem.com\/es\/wp-json\/wp\/v2\/pages"}],"about":[{"href":"https:\/\/mechem.com\/es\/wp-json\/wp\/v2\/types\/page"}],"author":[{"embeddable":true,"href":"https:\/\/mechem.com\/es\/wp-json\/wp\/v2\/users\/2"}],"replies":[{"embeddable":true,"href":"https:\/\/mechem.com\/es\/wp-json\/wp\/v2\/comments?post=1584"}],"version-history":[{"count":4,"href":"https:\/\/mechem.com\/es\/wp-json\/wp\/v2\/pages\/1584\/revisions"}],"predecessor-version":[{"id":1588,"href":"https:\/\/mechem.com\/es\/wp-json\/wp\/v2\/pages\/1584\/revisions\/1588"}],"wp:featuredmedia":[{"embeddable":true,"href":"https:\/\/mechem.com\/es\/wp-json\/wp\/v2\/media\/988"}],"wp:attachment":[{"href":"https:\/\/mechem.com\/es\/wp-json\/wp\/v2\/media?parent=1584"}],"curies":[{"name":"wp","href":"https:\/\/api.w.org\/{rel}","templated":true}]}}