{"id":1574,"date":"2021-06-27T07:07:59","date_gmt":"2021-06-27T07:07:59","guid":{"rendered":"https:\/\/mechem.com\/partners\/"},"modified":"2021-08-27T09:35:24","modified_gmt":"2021-08-27T09:35:24","slug":"socios","status":"publish","type":"page","link":"https:\/\/mechem.com\/es\/socios\/","title":{"rendered":"Socios"},"content":{"rendered":"\t\t<div data-elementor-type=\"wp-page\" data-elementor-id=\"1574\" class=\"elementor elementor-1574 elementor-202\" data-elementor-post-type=\"page\">\n\t\t\t\t\t\t<section class=\"elementor-section elementor-top-section elementor-element elementor-element-9b077a8 elementor-section-full_width elementor-section-height-default elementor-section-height-default\" data-id=\"9b077a8\" data-element_type=\"section\">\n\t\t\t\t\t\t<div class=\"elementor-container elementor-column-gap-no\">\n\t\t\t\t\t<div class=\"elementor-column elementor-col-100 elementor-top-column elementor-element elementor-element-34ce99b\" data-id=\"34ce99b\" data-element_type=\"column\">\n\t\t\t<div class=\"elementor-widget-wrap elementor-element-populated\">\n\t\t\t\t\t\t<div class=\"elementor-element elementor-element-34893a3 elementor-widget elementor-widget-image\" data-id=\"34893a3\" data-element_type=\"widget\" data-widget_type=\"image.default\">\n\t\t\t\t<div class=\"elementor-widget-container\">\n\t\t\t\t\t\t\t\t\t\t\t\t\t\t\t<img fetchpriority=\"high\" decoding=\"async\" width=\"1670\" height=\"300\" src=\"https:\/\/mechem.com\/wp-content\/uploads\/2021\/06\/mechem-slider-banner.jpg\" class=\"attachment-full size-full wp-image-988\" alt=\"\" srcset=\"https:\/\/mechem.com\/wp-content\/uploads\/2021\/06\/mechem-slider-banner.jpg 1670w, https:\/\/mechem.com\/wp-content\/uploads\/2021\/06\/mechem-slider-banner-300x54.jpg 300w, https:\/\/mechem.com\/wp-content\/uploads\/2021\/06\/mechem-slider-banner-1024x184.jpg 1024w, https:\/\/mechem.com\/wp-content\/uploads\/2021\/06\/mechem-slider-banner-768x138.jpg 768w, https:\/\/mechem.com\/wp-content\/uploads\/2021\/06\/mechem-slider-banner-1536x276.jpg 1536w\" sizes=\"(max-width: 1670px) 100vw, 1670px\" \/>\t\t\t\t\t\t\t\t\t\t\t\t\t\t\t<\/div>\n\t\t\t\t<\/div>\n\t\t\t\t\t<\/div>\n\t\t<\/div>\n\t\t\t\t\t<\/div>\n\t\t<\/section>\n\t\t\t\t<section class=\"elementor-section elementor-top-section elementor-element elementor-element-c98b629 elementor-section-boxed elementor-section-height-default elementor-section-height-default\" data-id=\"c98b629\" data-element_type=\"section\">\n\t\t\t\t\t\t<div class=\"elementor-container elementor-column-gap-default\">\n\t\t\t\t\t<div class=\"elementor-column elementor-col-100 elementor-top-column elementor-element elementor-element-390ae91\" data-id=\"390ae91\" data-element_type=\"column\">\n\t\t\t<div class=\"elementor-widget-wrap elementor-element-populated\">\n\t\t\t\t\t\t<div class=\"elementor-element elementor-element-c7ccd57 elementor-widget elementor-widget-spacer\" data-id=\"c7ccd57\" data-element_type=\"widget\" data-widget_type=\"spacer.default\">\n\t\t\t\t<div class=\"elementor-widget-container\">\n\t\t\t\t\t\t\t<div class=\"elementor-spacer\">\n\t\t\t<div class=\"elementor-spacer-inner\"><\/div>\n\t\t<\/div>\n\t\t\t\t\t\t<\/div>\n\t\t\t\t<\/div>\n\t\t\t\t<section class=\"elementor-section elementor-inner-section elementor-element elementor-element-e945203 elementor-section-boxed elementor-section-height-default elementor-section-height-default\" data-id=\"e945203\" data-element_type=\"section\">\n\t\t\t\t\t\t<div class=\"elementor-container elementor-column-gap-default\">\n\t\t\t\t\t<div class=\"elementor-column elementor-col-50 elementor-inner-column elementor-element elementor-element-bfa794d\" data-id=\"bfa794d\" data-element_type=\"column\">\n\t\t\t<div class=\"elementor-widget-wrap elementor-element-populated\">\n\t\t\t\t\t\t<div class=\"elementor-element elementor-element-65e24d5 elementor-widget elementor-widget-image\" data-id=\"65e24d5\" data-element_type=\"widget\" data-widget_type=\"image.default\">\n\t\t\t\t<div class=\"elementor-widget-container\">\n\t\t\t\t\t\t\t\t\t\t\t\t\t\t\t<img decoding=\"async\" width=\"75\" height=\"75\" src=\"https:\/\/mechem.com\/wp-content\/uploads\/2021\/06\/team-75x75-1.png\" class=\"attachment-large size-large wp-image-1052\" alt=\"\" \/>\t\t\t\t\t\t\t\t\t\t\t\t\t\t\t<\/div>\n\t\t\t\t<\/div>\n\t\t\t\t\t<\/div>\n\t\t<\/div>\n\t\t\t\t<div class=\"elementor-column elementor-col-50 elementor-inner-column elementor-element elementor-element-9576678\" data-id=\"9576678\" data-element_type=\"column\">\n\t\t\t<div class=\"elementor-widget-wrap elementor-element-populated\">\n\t\t\t\t\t\t<div class=\"elementor-element elementor-element-d187a88 elementor-widget elementor-widget-heading\" data-id=\"d187a88\" data-element_type=\"widget\" data-widget_type=\"heading.default\">\n\t\t\t\t<div class=\"elementor-widget-container\">\n\t\t\t\t\t<h1 class=\"elementor-heading-title elementor-size-default\">Socios<\/h1>\t\t\t\t<\/div>\n\t\t\t\t<\/div>\n\t\t\t\t<div class=\"elementor-element elementor-element-a027270 elementor-widget elementor-widget-text-editor\" data-id=\"a027270\" data-element_type=\"widget\" data-widget_type=\"text-editor.default\">\n\t\t\t\t<div class=\"elementor-widget-container\">\n\t\t\t\t\t\t\t\t\t<p>Mechem obtiene sus materiales de los principales productores de aluminio del mundo para garantizar una cartera l\u00edquida y una gama diversificada de productos para los usuarios finales. Nuestra s\u00f3lida relaci\u00f3n con los productores garantiza una capacidad continua de suministro a la vez que mitiga posibles riesgos.<\/p><p>Activa durante d\u00e9cadas en el negocio, Mechem ha aumentado su base de clientes a lo largo de los a\u00f1os y cuenta con m\u00e1s de 100 clientes en Europa y la regi\u00f3n mediterr\u00e1nea. Nuestra red de almacenes de terceros situados en ubicaciones estrat\u00e9gicas nos permite mantener nuestras existencias directamente en el puerto y nos da la capacidad de entregar el material a nuestros clientes a demanda.<\/p><p>Gracias a su solidez de balance de cuentas y base de capital, Mechem trabaja con bancos de primer nivel. Los agentes de London Metal Exchange (LME) nos ofrecen amplias facilidades de financiaci\u00f3n para efectuar nuestras actividades de comercializaci\u00f3n.<\/p>\t\t\t\t\t\t\t\t<\/div>\n\t\t\t\t<\/div>\n\t\t\t\t\t<\/div>\n\t\t<\/div>\n\t\t\t\t\t<\/div>\n\t\t<\/section>\n\t\t\t\t<div class=\"elementor-element elementor-element-67fb8b5 elementor-widget elementor-widget-spacer\" data-id=\"67fb8b5\" data-element_type=\"widget\" data-widget_type=\"spacer.default\">\n\t\t\t\t<div class=\"elementor-widget-container\">\n\t\t\t\t\t\t\t<div class=\"elementor-spacer\">\n\t\t\t<div class=\"elementor-spacer-inner\"><\/div>\n\t\t<\/div>\n\t\t\t\t\t\t<\/div>\n\t\t\t\t<\/div>\n\t\t\t\t\t<\/div>\n\t\t<\/div>\n\t\t\t\t\t<\/div>\n\t\t<\/section>\n\t\t\t\t<\/div>\n\t\t","protected":false},"excerpt":{"rendered":"<p>Socios Mechem obtiene sus materiales de los principales productores de aluminio del mundo para garantizar una cartera l\u00edquida y una gama diversificada de productos para los usuarios finales. Nuestra s\u00f3lida relaci\u00f3n con los productores garantiza una capacidad continua de suministro a la vez que mitiga posibles riesgos. Activa durante d\u00e9cadas en el negocio, Mechem ha [&hellip;]<\/p>\n","protected":false},"author":2,"featured_media":988,"parent":0,"menu_order":0,"comment_status":"closed","ping_status":"closed","template":"","meta":{"footnotes":""},"class_list":["post-1574","page","type-page","status-publish","has-post-thumbnail","hentry"],"aioseo_notices":[],"_links":{"self":[{"href":"https:\/\/mechem.com\/es\/wp-json\/wp\/v2\/pages\/1574","targetHints":{"allow":["GET"]}}],"collection":[{"href":"https:\/\/mechem.com\/es\/wp-json\/wp\/v2\/pages"}],"about":[{"href":"https:\/\/mechem.com\/es\/wp-json\/wp\/v2\/types\/page"}],"author":[{"embeddable":true,"href":"https:\/\/mechem.com\/es\/wp-json\/wp\/v2\/users\/2"}],"replies":[{"embeddable":true,"href":"https:\/\/mechem.com\/es\/wp-json\/wp\/v2\/comments?post=1574"}],"version-history":[{"count":4,"href":"https:\/\/mechem.com\/es\/wp-json\/wp\/v2\/pages\/1574\/revisions"}],"predecessor-version":[{"id":1578,"href":"https:\/\/mechem.com\/es\/wp-json\/wp\/v2\/pages\/1574\/revisions\/1578"}],"wp:featuredmedia":[{"embeddable":true,"href":"https:\/\/mechem.com\/es\/wp-json\/wp\/v2\/media\/988"}],"wp:attachment":[{"href":"https:\/\/mechem.com\/es\/wp-json\/wp\/v2\/media?parent=1574"}],"curies":[{"name":"wp","href":"https:\/\/api.w.org\/{rel}","templated":true}]}}